{"id":180,"date":"2026-02-17T20:00:47","date_gmt":"2026-02-17T20:00:47","guid":{"rendered":"https:\/\/opendoorhc.wpenginepowered.com\/?page_id=180"},"modified":"2026-03-19T22:22:03","modified_gmt":"2026-03-19T22:22:03","slug":"insurance-enrollment","status":"publish","type":"page","link":"https:\/\/odhc.org\/es\/insurance-enrollment\/","title":{"rendered":"Inscripci\u00f3n en el seguro"},"content":{"rendered":"<div class=\"gb-element-car_hero_wrap alignfull odh-hero-section\">\n<div class=\"gb-element-car_hero_inner\">\n<div class=\"wp-block-columns mobile-swap is-layout-flex wp-container-core-columns-is-layout-26a762e8 wp-block-columns-is-layout-flex\" style=\"margin-top:0px;margin-bottom:0px\">\n<div class=\"wp-block-column is-vertically-aligned-center is-layout-flow wp-block-column-is-layout-flow\" style=\"flex-basis:50%\">\n<div class=\"gb-element-ce402f15\">\n<h1 class=\"gb-text gb-text-3ca72fb8\">Inscripci\u00f3n en el seguro<\/h1>\n\n\n\n<p class=\"has-odh-gray-color has-text-color\" style=\"font-size:0.95rem;line-height:1.75\">Ayuda gratuita para solicitar cobertura a trav\u00e9s de MNsure, Asistencia M\u00e9dica (MA) y MinnesotaCare.<\/p>\n\n\n\n<p class=\"has-odh-gray-color has-text-color\" style=\"font-size:0.95rem;line-height:1.75\">Nuestros especialistas certificados en inscripciones pueden reunirse con usted por tel\u00e9fono o en persona para explicarle sus opciones y completar las solicitudes.<\/p>\n\n\n\n<div class=\"wp-block-buttons is-content-justification-left is-layout-flex wp-container-core-buttons-is-layout-6dc48352 wp-block-buttons-is-layout-flex\" style=\"margin-top:20px\">\n<div class=\"wp-block-button is-style-odh-outline-lime\"><a class=\"wp-block-button__link wp-element-button\" href=\"tel:5073882120\">Llame al (507) 388-2120<\/a><\/div>\n\n\n\n<div class=\"wp-block-button is-style-odh-outline-teal\"><a class=\"wp-block-button__link wp-element-button\" href=\"mailto:enrollment@odhc.org\">Inscripci\u00f3n por correo electr\u00f3nico<\/a><\/div>\n<\/div>\n<\/div>\n<\/div>\n\n\n\n<div class=\"wp-block-column is-vertically-aligned-center is-layout-flow wp-block-column-is-layout-flow\">\n<div class=\"gb-element-car_hero_img_wrap\"><\/div>\n<\/div>\n<\/div>\n<\/div>\n<\/div>\n\n\n\n<div class=\"gb-element-ien_help_wrap alignfull\">\n<div>\n<div class=\"wp-block-odh-heartbeat-divider alignfull odh-heartbeat-block odh-heartbeat-green odh-hb-pos-right odh-hb-animate\" aria-hidden=\"true\"><div class=\"odh-hb-line\"><svg class=\"odh-hb-svg\" viewbox=\"0 0 120 60\" xmlns=\"http:\/\/www.w3.org\/2000\/svg\" focusable=\"false\"><polyline points=\"0,30 20,30 30,30 38,30 42,12 48,48 54,6 60,42 66,24 72,30 80,30 120,30\" fill=\"none\" stroke=\"currentColor\" stroke-width=\"3\" stroke-linejoin=\"round\" stroke-linecap=\"round\"><\/polyline><\/svg><\/div><\/div>\n\n\n\n<h2 class=\"gb-text gb-text-2569770d\">Podemos ayudarle con:<\/h2>\n<\/div>\n\n\n\n<div class=\"gb-element-ien_help_inner\">\n<div class=\"wp-block-columns is-layout-flex wp-container-core-columns-is-layout-2a10b05a wp-block-columns-is-layout-flex\" style=\"margin-top:40px\">\n<div class=\"wp-block-column is-layout-flow wp-block-column-is-layout-flow\">\n<div class=\"gb-element-ien_help_1\">\n<img loading=\"lazy\" decoding=\"async\" width=\"119\" height=\"119\" class=\"gb-media-ien_help_1_ico\" src=\"https:\/\/odhc.org\/wp-content\/uploads\/2026\/02\/mnsure-navigation-6da67f.svg\" alt=\"\" title=\"mnsure-navigation-6da67f\"\/>\n\n\n\n<p class=\"gb-text gb-text-ien_help_1_lbl\">Navegaci\u00f3n de MNsure<\/p>\n\n\n\n<p class=\"has-text-align-center has-odh-gray-color has-text-color\" style=\"font-size:0.9rem;line-height:1.6\">Busque, compare y comprenda las opciones de cobertura que se ajusten a sus necesidades y presupuesto.<\/p>\n<\/div>\n<\/div>\n\n\n\n<div class=\"wp-block-column is-layout-flow wp-block-column-is-layout-flow\">\n<div class=\"gb-element-ien_help_2\">\n<img loading=\"lazy\" decoding=\"async\" width=\"148\" height=\"149\" class=\"gb-media-ien_help_2_ico\" src=\"https:\/\/odhc.org\/wp-content\/uploads\/2026\/02\/minnestacareenrollment-1dcdd4.svg\" alt=\"\" title=\"minnestacareenrollment-1dcdd4\"\/>\n\n\n\n<p class=\"gb-text gb-text-ien_help_2_lbl\">Inscripci\u00f3n en MinnesotaCare y Asistencia M\u00e9dica (MA o Medicaid)<\/p>\n\n\n\n<p class=\"has-text-align-center has-odh-gray-color has-text-color\" style=\"font-size:0.9rem;line-height:1.6\">Ayuda con preguntas sobre la elegibilidad y c\u00f3mo completar las solicitudes de Asistencia M\u00e9dica (MA o Medicaid).<\/p>\n<\/div>\n<\/div>\n\n\n\n<div class=\"wp-block-column is-layout-flow wp-block-column-is-layout-flow\">\n<div class=\"gb-element-ien_help_3\">\n<img loading=\"lazy\" decoding=\"async\" width=\"158\" height=\"158\" class=\"gb-media-ien_help_3_ico\" src=\"https:\/\/odhc.org\/wp-content\/uploads\/2026\/02\/billingual-ba368e.svg\" alt=\"\" title=\"biling\u00fce-ba368e\"\/>\n\n\n\n<p class=\"gb-text gb-text-ien_help_3_lbl\">Apoyo para la inscripci\u00f3n biling\u00fce<\/p>\n\n\n\n<p class=\"has-text-align-center has-odh-gray-color has-text-color\" style=\"font-size:0.9rem;line-height:1.6\">Asistencia con los pasos de inscripci\u00f3n y la documentaci\u00f3n requerida.<\/p>\n<\/div>\n<\/div>\n<\/div>\n\n\n\n<p class=\"has-text-align-center has-odh-gray-color has-text-color\" style=\"margin-top:30px;font-size:0.9rem;font-style:italic;font-weight:400;line-height:1.75\">Asistencia gratuita: Los servicios de inscripci\u00f3n son gratuitos para los pacientes y el p\u00fablico en general.<\/p>\n<\/div>\n<\/div>\n\n\n\n<div class=\"gb-element-ien_mnsure_wrap alignfull\">\n<div class=\"gb-element-ien_mnsure_inner\">\n<div class=\"wp-block-columns is-layout-flex wp-container-core-columns-is-layout-db75d1f5 wp-block-columns-is-layout-flex\">\n<div class=\"wp-block-column is-layout-flow wp-block-column-is-layout-flow\" style=\"flex-basis:50%\">\n<div class=\"gb-element-ien_mnsure_card1\">\n<h3 class=\"gb-text gb-text-ien_mnsure_h3a\">\u00bfQu\u00e9 es MNsure?<\/h3>\n\n\n\n<p class=\"has-odh-gray-color has-text-color\" style=\"font-size:0.95rem;line-height:1.75\">MNsure es el mercado de seguros de salud de Minnesota donde particulares, familias y peque\u00f1as empresas pueden buscar, comparar y elegir su cobertura. Tambi\u00e9n es donde puede obtener ayuda financiera para reducir el costo de su prima mensual.<\/p>\n<\/div>\n<\/div>\n\n\n\n<div class=\"wp-block-column is-layout-flow wp-block-column-is-layout-flow\" style=\"flex-basis:50%\">\n<div class=\"gb-element-ien_mnsure_card2\">\n<h3 class=\"gb-text gb-text-ien_mnsure_h3b\">Planes y plazos de inscripci\u00f3n<\/h3>\n\n\n\n<p class=\"has-odh-gray-color has-text-color\" style=\"font-size:0.95rem;font-style:normal;font-weight:700;line-height:1.75\">Inscripci\u00f3n durante todo el a\u00f1o<\/p>\n\n\n\n<p class=\"has-odh-gray-color has-text-color\" style=\"font-size:0.95rem;line-height:1.75\">*Si re\u00fane los requisitos para recibir Asistencia M\u00e9dica o MinnesotaCare, puede inscribirse a trav\u00e9s de MNsure durante todo el a\u00f1o.<\/p>\n\n\n\n<p class=\"has-odh-gray-color has-text-color\" style=\"font-size:0.95rem;font-style:normal;font-weight:700;line-height:1.75\">Planes en MNsure<\/p>\n\n\n\n<ul style=\"font-size:0.9rem;line-height:1.8\" class=\"wp-block-list has-odh-gray-color has-text-color\">\n<li>Asistencia m\u00e9dica (MA o Medicaid)<\/li>\n\n\n\n<li>MinnesotaCare*<\/li>\n\n\n\n<li>Planes privados (el per\u00edodo de inscripci\u00f3n abierta suele ser de noviembre a enero).<\/li>\n<\/ul>\n<\/div>\n<\/div>\n<\/div>\n<\/div>\n<\/div>\n\n\n\n<div class=\"gb-element-ien_cta_wrap alignfull\">\n<div class=\"gb-element-ien_cta_inner\">\n<h2 class=\"gb-text gb-text-ien_cta_h2\">Solicite una cita<\/h2>\n\n\n\n<h5 class=\"gb-text gb-text-f14c8606\">Ll\u00e1menos hoy para programar una cita: (507) 388-2120<\/h5>\n\n\n\n<div class=\"wp-block-buttons is-content-justification-center is-layout-flex wp-container-core-buttons-is-layout-e4ab00ff wp-block-buttons-is-layout-flex\" style=\"margin-top:24px\">\n<div class=\"wp-block-button is-style-odh-outline-teal\"><a class=\"wp-block-button__link wp-element-button\" href=\"tel:5073882120\">LLAMA AHORA<\/a><\/div>\n<\/div>\n\n\n\n<p class=\"has-white-color has-text-color has-link-color wp-elements-da770d10542b1404343c58041b9c07d2\" style=\"margin-top:15px;margin-bottom:0px\"><a href=\"mailto:enrollment@odhc.org\"><strong>enrollment@odhc.org<\/strong><\/a><\/p>\n<\/div>\n<\/div>\n\n\n\n<div class=\"gb-element-ien_bring_wrap alignfull\">\n<div class=\"gb-element-ien_bring_inner\">\n<h3 class=\"gb-text gb-text-9a67fef1\">Art\u00edculos para traer<\/h3>\n\n\n\n<div class=\"wp-block-stackable-icon-list stk-block-icon-list has-text-color stk-block stk-a8d506f\" data-block-id=\"a8d506f\"><style>.stk-a8d506f {--stk-icon-list-row-gap:12px !important;--stk-icon-list-marker-color:#C4D600 !important;--stk-icon-list-icon-size:31px !important;}.stk-a8d506f .stk-block-icon-list-item__content{align-items:flex-start !important;}.stk-a8d506f ul li, .stk-a8d506f ol li, .stk-a8d506f ul li span, .stk-a8d506f ol li span{font-size:var(--stk--preset--font-size--xx-large, 2rem) !important;color:#007d95 !important;}@media screen and (max-width: 1023px){.stk-a8d506f ul li, .stk-a8d506f ol li, .stk-a8d506f ul li span, .stk-a8d506f ol li span{font-size:var(--stk--preset--font-size--xx-large, 2rem) !important;}}<\/style><svg style=\"display:none\"><defs><g id=\"stk-icon-list__icon-svg-def-a8d506f\"><svg xmlns=\"http:\/\/www.w3.org\/2000\/svg\" viewbox=\"0 0 448 512\"><path d=\"M438.6 105.4c12.5 12.5 12.5 32.8 0 45.3l-256 256c-12.5 12.5-32.8 12.5-45.3 0l-128-128c-12.5-12.5-12.5-32.8 0-45.3s32.8-12.5 45.3 0L160 338.7 393.4 105.4c12.5-12.5 32.8-12.5 45.3 0z\"\/><\/svg><\/g><\/defs><\/svg><ul class=\"stk-block-icon-list__ul stk-block-icon-list--column\">\n<li class=\"wp-block-stackable-icon-list-item stk-block-icon-list-item stk-block stk-2ff2992\" data-block-id=\"2ff2992\"><style>.stk-2ff2992 .stk-block-icon-list-item__text{font-size:18px !important;}@media screen and (max-width: 1023px){.stk-2ff2992 .stk-block-icon-list-item__text{font-size:18px !important;}}<\/style><div class=\"stk-block-icon-list-item__content\"><span class=\"stk--svg-wrapper\"><div class=\"stk--inner-svg\"><svg aria-hidden=\"true\" width=\"32\" height=\"32\"><use xlink:href=\"#stk-icon-list__icon-svg-def-a8d506f\"><\/use><\/svg><\/div><\/span><span class=\"stk-block-icon-list-item__text\"><strong>Licencia de conducir u otra identificaci\u00f3n<\/strong><\/span><\/div><\/li>\n\n\n\n<li class=\"wp-block-stackable-icon-list-item stk-block-icon-list-item stk-block stk-e7270f2\" data-block-id=\"e7270f2\"><style>.stk-e7270f2 .stk-block-icon-list-item__text{font-size:18px !important;}@media screen and (max-width: 1023px){.stk-e7270f2 .stk-block-icon-list-item__text{font-size:18px !important;}}<\/style><div class=\"stk-block-icon-list-item__content\"><span class=\"stk--svg-wrapper\"><div class=\"stk--inner-svg\"><svg aria-hidden=\"true\" width=\"32\" height=\"32\"><use xlink:href=\"#stk-icon-list__icon-svg-def-a8d506f\"><\/use><\/svg><\/div><\/span><span class=\"stk-block-icon-list-item__text\"><strong>N\u00famero de Seguro Social de cada persona que solicita<\/strong><\/span><\/div><\/li>\n\n\n\n<li class=\"wp-block-stackable-icon-list-item stk-block-icon-list-item stk-block stk-110992c\" data-block-id=\"110992c\"><style>.stk-110992c .stk-block-icon-list-item__text{font-size:18px !important;}@media screen and (max-width: 1023px){.stk-110992c .stk-block-icon-list-item__text{font-size:18px !important;}}<\/style><div class=\"stk-block-icon-list-item__content\"><span class=\"stk--svg-wrapper\"><div class=\"stk--inner-svg\"><svg aria-hidden=\"true\" width=\"32\" height=\"32\"><use xlink:href=\"#stk-icon-list__icon-svg-def-a8d506f\"><\/use><\/svg><\/div><\/span><span class=\"stk-block-icon-list-item__text\"><strong>Fecha de nacimiento de cada miembro del hogar<\/strong><\/span><\/div><\/li>\n\n\n\n<li class=\"wp-block-stackable-icon-list-item stk-block-icon-list-item stk-block stk-8ccbb70\" data-block-id=\"8ccbb70\"><style>.stk-8ccbb70 .stk-block-icon-list-item__text{font-size:18px !important;}@media screen and (max-width: 1023px){.stk-8ccbb70 .stk-block-icon-list-item__text{font-size:18px !important;}}<\/style><div class=\"stk-block-icon-list-item__content\"><span class=\"stk--svg-wrapper\"><div class=\"stk--inner-svg\"><svg aria-hidden=\"true\" width=\"32\" height=\"32\"><use xlink:href=\"#stk-icon-list__icon-svg-def-a8d506f\"><\/use><\/svg><\/div><\/span><span class=\"stk-block-icon-list-item__text\"><strong>Recibos de n\u00f3mina recientes, formularios de impuestos actuales y documentaci\u00f3n de otros ingresos.<\/strong><\/span><\/div><\/li>\n\n\n\n<li class=\"wp-block-stackable-icon-list-item stk-block-icon-list-item stk-block stk-8f44df0\" data-block-id=\"8f44df0\"><style>.stk-8f44df0 .stk-block-icon-list-item__text{font-size:18px !important;}@media screen and (max-width: 1023px){.stk-8f44df0 .stk-block-icon-list-item__text{font-size:18px !important;}}<\/style><div class=\"stk-block-icon-list-item__content\"><span class=\"stk--svg-wrapper\"><div class=\"stk--inner-svg\"><svg aria-hidden=\"true\" width=\"32\" height=\"32\"><use xlink:href=\"#stk-icon-list__icon-svg-def-a8d506f\"><\/use><\/svg><\/div><\/span><span class=\"stk-block-icon-list-item__text\"><strong>No ciudadanos: documentos de inmigraci\u00f3n (Tarjeta de residencia permanente, formulario I-9, tarjeta de autorizaci\u00f3n de empleo u otra prueba de estatus legal).<\/strong><\/span><\/div><\/li>\n<\/ul><\/div>\n<\/div>\n<\/div>\n\n\n\n<p><\/p>","protected":false},"excerpt":{"rendered":"<p>Insurance Enrollment Free help applying for coverage through MNsure, Medical Assistance (MA), and MinnesotaCare. Our certified enrollment specialists can meet with you by phone or in person to explain your options and complete applications. We can help with: MNsure navigation Shop, compare, and understand coverage options that fit your needs and budget MinnesotaCare enrollment and &#8230; <a title=\"Inscripci\u00f3n en el seguro\" class=\"read-more\" href=\"https:\/\/odhc.org\/es\/insurance-enrollment\/\" aria-label=\"Read more about Insurance Enrollment\">Read more<\/a><\/p>","protected":false},"author":1,"featured_media":9211,"parent":0,"menu_order":0,"comment_status":"closed","ping_status":"closed","template":"","meta":{"_acf_changed":false,"_themeisle_gutenberg_block_has_review":false,"footnotes":""},"class_list":["post-180","page","type-page","status-publish","has-post-thumbnail"],"acf":[],"yoast_head":"<!-- This site is optimized with the Yoast SEO plugin v27.4 - https:\/\/yoast.com\/product\/yoast-seo-wordpress\/ -->\n<title>Insurance Enrollment - Open Door Health Center<\/title>\n<meta name=\"robots\" content=\"index, follow, max-snippet:-1, max-image-preview:large, max-video-preview:-1\" \/>\n<link rel=\"canonical\" href=\"https:\/\/odhc.org\/es\/insurance-enrollment\/\" \/>\n<meta property=\"og:locale\" content=\"es_MX\" \/>\n<meta property=\"og:type\" content=\"article\" \/>\n<meta property=\"og:title\" content=\"Insurance Enrollment - Open Door Health Center\" \/>\n<meta property=\"og:description\" content=\"Insurance Enrollment Free help applying for coverage through MNsure, Medical Assistance (MA), and MinnesotaCare. Our certified enrollment specialists can meet with you by phone or in person to explain your options and complete applications. We can help with: MNsure navigation Shop, compare, and understand coverage options that fit your needs and budget MinnesotaCare enrollment and ... Read more\" \/>\n<meta property=\"og:url\" content=\"https:\/\/odhc.org\/es\/insurance-enrollment\/\" \/>\n<meta property=\"og:site_name\" content=\"Open Door Health Center\" \/>\n<meta property=\"article:modified_time\" content=\"2026-03-19T22:22:03+00:00\" \/>\n<meta property=\"og:image\" content=\"https:\/\/odhc.org\/wp-content\/uploads\/2026\/02\/ensurance-enrollment-header-1.webp\" \/>\n\t<meta property=\"og:image:width\" content=\"1708\" \/>\n\t<meta property=\"og:image:height\" content=\"596\" \/>\n\t<meta property=\"og:image:type\" content=\"image\/webp\" \/>\n<meta name=\"twitter:card\" content=\"summary_large_image\" \/>\n<meta name=\"twitter:label1\" content=\"Est. reading time\" \/>\n\t<meta name=\"twitter:data1\" content=\"2 minutos\" \/>\n<script type=\"application\/ld+json\" class=\"yoast-schema-graph\">{\"@context\":\"https:\\\/\\\/schema.org\",\"@graph\":[{\"@type\":\"WebPage\",\"@id\":\"https:\\\/\\\/odhc.org\\\/insurance-enrollment\\\/\",\"url\":\"https:\\\/\\\/odhc.org\\\/insurance-enrollment\\\/\",\"name\":\"Insurance Enrollment - Open Door Health Center\",\"isPartOf\":{\"@id\":\"https:\\\/\\\/odhc.org\\\/#website\"},\"primaryImageOfPage\":{\"@id\":\"https:\\\/\\\/odhc.org\\\/insurance-enrollment\\\/#primaryimage\"},\"image\":{\"@id\":\"https:\\\/\\\/odhc.org\\\/insurance-enrollment\\\/#primaryimage\"},\"thumbnailUrl\":\"https:\\\/\\\/odhc.org\\\/wp-content\\\/uploads\\\/2026\\\/02\\\/ensurance-enrollment-header-1.webp\",\"datePublished\":\"2026-02-17T20:00:47+00:00\",\"dateModified\":\"2026-03-19T22:22:03+00:00\",\"breadcrumb\":{\"@id\":\"https:\\\/\\\/odhc.org\\\/insurance-enrollment\\\/#breadcrumb\"},\"inLanguage\":\"es\",\"potentialAction\":[{\"@type\":\"ReadAction\",\"target\":[\"https:\\\/\\\/odhc.org\\\/insurance-enrollment\\\/\"]}]},{\"@type\":\"ImageObject\",\"inLanguage\":\"es\",\"@id\":\"https:\\\/\\\/odhc.org\\\/insurance-enrollment\\\/#primaryimage\",\"url\":\"https:\\\/\\\/odhc.org\\\/wp-content\\\/uploads\\\/2026\\\/02\\\/ensurance-enrollment-header-1.webp\",\"contentUrl\":\"https:\\\/\\\/odhc.org\\\/wp-content\\\/uploads\\\/2026\\\/02\\\/ensurance-enrollment-header-1.webp\",\"width\":1708,\"height\":596},{\"@type\":\"BreadcrumbList\",\"@id\":\"https:\\\/\\\/odhc.org\\\/insurance-enrollment\\\/#breadcrumb\",\"itemListElement\":[{\"@type\":\"ListItem\",\"position\":1,\"name\":\"Home\",\"item\":\"https:\\\/\\\/odhc.org\\\/\"},{\"@type\":\"ListItem\",\"position\":2,\"name\":\"Insurance Enrollment\"}]},{\"@type\":\"WebSite\",\"@id\":\"https:\\\/\\\/odhc.org\\\/#website\",\"url\":\"https:\\\/\\\/odhc.org\\\/\",\"name\":\"Open Door Health Center\",\"description\":\"\",\"publisher\":{\"@id\":\"https:\\\/\\\/odhc.org\\\/#organization\"},\"potentialAction\":[{\"@type\":\"SearchAction\",\"target\":{\"@type\":\"EntryPoint\",\"urlTemplate\":\"https:\\\/\\\/odhc.org\\\/?s={search_term_string}\"},\"query-input\":{\"@type\":\"PropertyValueSpecification\",\"valueRequired\":true,\"valueName\":\"search_term_string\"}}],\"inLanguage\":\"es\"},{\"@type\":\"Organization\",\"@id\":\"https:\\\/\\\/odhc.org\\\/#organization\",\"name\":\"Open Door Health Center\",\"url\":\"https:\\\/\\\/odhc.org\\\/\",\"logo\":{\"@type\":\"ImageObject\",\"inLanguage\":\"es\",\"@id\":\"https:\\\/\\\/odhc.org\\\/#\\\/schema\\\/logo\\\/image\\\/\",\"url\":\"https:\\\/\\\/odhc.org\\\/wp-content\\\/uploads\\\/2026\\\/02\\\/logo.png\",\"contentUrl\":\"https:\\\/\\\/odhc.org\\\/wp-content\\\/uploads\\\/2026\\\/02\\\/logo.png\",\"width\":410,\"height\":101,\"caption\":\"Open Door Health Center\"},\"image\":{\"@id\":\"https:\\\/\\\/odhc.org\\\/#\\\/schema\\\/logo\\\/image\\\/\"}}]}<\/script>\n<!-- \/ Yoast SEO plugin. -->","yoast_head_json":{"title":"Insurance Enrollment - Open Door Health Center","robots":{"index":"index","follow":"follow","max-snippet":"max-snippet:-1","max-image-preview":"max-image-preview:large","max-video-preview":"max-video-preview:-1"},"canonical":"https:\/\/odhc.org\/es\/insurance-enrollment\/","og_locale":"es_MX","og_type":"article","og_title":"Insurance Enrollment - Open Door Health Center","og_description":"Insurance Enrollment Free help applying for coverage through MNsure, Medical Assistance (MA), and MinnesotaCare. Our certified enrollment specialists can meet with you by phone or in person to explain your options and complete applications. We can help with: MNsure navigation Shop, compare, and understand coverage options that fit your needs and budget MinnesotaCare enrollment and ... Read more","og_url":"https:\/\/odhc.org\/es\/insurance-enrollment\/","og_site_name":"Open Door Health Center","article_modified_time":"2026-03-19T22:22:03+00:00","og_image":[{"width":1708,"height":596,"url":"https:\/\/odhc.org\/wp-content\/uploads\/2026\/02\/ensurance-enrollment-header-1.webp","type":"image\/webp"}],"twitter_card":"summary_large_image","twitter_misc":{"Est. reading time":"2 minutos"},"schema":{"@context":"https:\/\/schema.org","@graph":[{"@type":"WebPage","@id":"https:\/\/odhc.org\/insurance-enrollment\/","url":"https:\/\/odhc.org\/insurance-enrollment\/","name":"Insurance Enrollment - Open Door Health Center","isPartOf":{"@id":"https:\/\/odhc.org\/#website"},"primaryImageOfPage":{"@id":"https:\/\/odhc.org\/insurance-enrollment\/#primaryimage"},"image":{"@id":"https:\/\/odhc.org\/insurance-enrollment\/#primaryimage"},"thumbnailUrl":"https:\/\/odhc.org\/wp-content\/uploads\/2026\/02\/ensurance-enrollment-header-1.webp","datePublished":"2026-02-17T20:00:47+00:00","dateModified":"2026-03-19T22:22:03+00:00","breadcrumb":{"@id":"https:\/\/odhc.org\/insurance-enrollment\/#breadcrumb"},"inLanguage":"es","potentialAction":[{"@type":"ReadAction","target":["https:\/\/odhc.org\/insurance-enrollment\/"]}]},{"@type":"ImageObject","inLanguage":"es","@id":"https:\/\/odhc.org\/insurance-enrollment\/#primaryimage","url":"https:\/\/odhc.org\/wp-content\/uploads\/2026\/02\/ensurance-enrollment-header-1.webp","contentUrl":"https:\/\/odhc.org\/wp-content\/uploads\/2026\/02\/ensurance-enrollment-header-1.webp","width":1708,"height":596},{"@type":"BreadcrumbList","@id":"https:\/\/odhc.org\/insurance-enrollment\/#breadcrumb","itemListElement":[{"@type":"ListItem","position":1,"name":"Home","item":"https:\/\/odhc.org\/"},{"@type":"ListItem","position":2,"name":"Insurance Enrollment"}]},{"@type":"WebSite","@id":"https:\/\/odhc.org\/#website","url":"https:\/\/odhc.org\/","name":"Centro de Salud Open Door","description":"","publisher":{"@id":"https:\/\/odhc.org\/#organization"},"potentialAction":[{"@type":"SearchAction","target":{"@type":"EntryPoint","urlTemplate":"https:\/\/odhc.org\/?s={search_term_string}"},"query-input":{"@type":"PropertyValueSpecification","valueRequired":true,"valueName":"search_term_string"}}],"inLanguage":"es"},{"@type":"Organization","@id":"https:\/\/odhc.org\/#organization","name":"Centro de Salud Open Door","url":"https:\/\/odhc.org\/","logo":{"@type":"ImageObject","inLanguage":"es","@id":"https:\/\/odhc.org\/#\/schema\/logo\/image\/","url":"https:\/\/odhc.org\/wp-content\/uploads\/2026\/02\/logo.png","contentUrl":"https:\/\/odhc.org\/wp-content\/uploads\/2026\/02\/logo.png","width":410,"height":101,"caption":"Open Door Health Center"},"image":{"@id":"https:\/\/odhc.org\/#\/schema\/logo\/image\/"}}]}},"featured_image_src":"https:\/\/odhc.org\/wp-content\/uploads\/2026\/02\/ensurance-enrollment-header-1-600x400.webp","featured_image_src_square":"https:\/\/odhc.org\/wp-content\/uploads\/2026\/02\/ensurance-enrollment-header-1-600x596.webp","_links":{"self":[{"href":"https:\/\/odhc.org\/es\/wp-json\/wp\/v2\/pages\/180","targetHints":{"allow":["GET"]}}],"collection":[{"href":"https:\/\/odhc.org\/es\/wp-json\/wp\/v2\/pages"}],"about":[{"href":"https:\/\/odhc.org\/es\/wp-json\/wp\/v2\/types\/page"}],"author":[{"embeddable":true,"href":"https:\/\/odhc.org\/es\/wp-json\/wp\/v2\/users\/1"}],"replies":[{"embeddable":true,"href":"https:\/\/odhc.org\/es\/wp-json\/wp\/v2\/comments?post=180"}],"version-history":[{"count":0,"href":"https:\/\/odhc.org\/es\/wp-json\/wp\/v2\/pages\/180\/revisions"}],"wp:featuredmedia":[{"embeddable":true,"href":"https:\/\/odhc.org\/es\/wp-json\/wp\/v2\/media\/9211"}],"wp:attachment":[{"href":"https:\/\/odhc.org\/es\/wp-json\/wp\/v2\/media?parent=180"}],"curies":[{"name":"wp","href":"https:\/\/api.w.org\/{rel}","templated":true}]}}