{"id":155,"date":"2026-02-17T18:52:33","date_gmt":"2026-02-17T18:52:33","guid":{"rendered":"https:\/\/opendoorhc.wpenginepowered.com\/?page_id=155"},"modified":"2026-04-06T20:01:56","modified_gmt":"2026-04-06T20:01:56","slug":"donate","status":"publish","type":"page","link":"https:\/\/odhc.org\/es\/donate\/","title":{"rendered":"Donar"},"content":{"rendered":"<div class=\"gb-element-410367f6 alignfull\">\n<div class=\"gb-element-d848434a\">\n<div class=\"animated fadeIn\">\n<div class=\"gb-element-34008b51\">\n<h1 class=\"gb-text gb-text-2f140a20\">Apoya nuestra misi\u00f3n, marca la diferencia.<\/h1>\n\n\n\n<p>Su donaci\u00f3n nos ayuda a brindar atenci\u00f3n m\u00e9dica de calidad y asequible a las familias que m\u00e1s la necesitan, independientemente de su capacidad de pago.<\/p>\n\n\n\n<p><strong>Open Door Health Center es una organizaci\u00f3n sin fines de lucro 501(c)(3). Su donaci\u00f3n es deducible de impuestos.<\/strong><\/p>\n<\/div>\n\n\n\n<div class=\"wp-block-buttons is-content-justification-left is-layout-flex wp-container-core-buttons-is-layout-6dc48352 wp-block-buttons-is-layout-flex\" style=\"margin-top:20px\">\n<div class=\"wp-block-button is-style-odh-outline-lime\"><a class=\"wp-block-button__link wp-element-button\" href=\"https:\/\/www.paypal.com\/cgi-bin\/webscr?cmd=_s-xclick&amp;hosted_button_id=NALG79CKVUQ5W\" target=\"_blank\" rel=\"noreferrer noopener\">Dona ahora<\/a><\/div>\n\n\n\n<div class=\"wp-block-button is-style-odh-outline-teal\"><a class=\"wp-block-button__link wp-element-button\" href=\"#\">Convi\u00e9rtete en donante mensual<\/a><\/div>\n<\/div>\n<\/div>\n<\/div>\n<\/div>\n\n\n\n<div class=\"wp-block-odh-heartbeat-divider alignfull odh-heartbeat-block odh-heartbeat-blue odh-hb-pos-right odh-hb-animate\" aria-hidden=\"true\"><div class=\"odh-hb-line\"><svg class=\"odh-hb-svg\" viewbox=\"0 0 120 60\" xmlns=\"http:\/\/www.w3.org\/2000\/svg\" focusable=\"false\"><polyline points=\"0,30 20,30 30,30 38,30 42,12 48,48 54,6 60,42 66,24 72,30 80,30 120,30\" fill=\"none\" stroke=\"currentColor\" stroke-width=\"3\" stroke-linejoin=\"round\" stroke-linecap=\"round\"><\/polyline><\/svg><\/div><\/div>\n\n\n\n<div class=\"gb-element-don_appreciate_wrap alignwide\">\n<div class=\"gb-element-don_appreciate_inner\">\n<h2 class=\"gb-text gb-text-f3519984\">Agradecemos enormemente su generosidad.<\/h2>\n\n\n\n<p class=\"has-text-align-left\">Desde 1984, Open Door ofrece servicios m\u00e9dicos, dentales y de salud mental a poblaciones desfavorecidas en el centro-sur de Minnesota. Su generosidad ayuda a Open Door a satisfacer la creciente demanda de personas y familias sin seguro m\u00e9dico o con cobertura insuficiente en nuestra comunidad.<\/p>\n\n\n\n<p class=\"has-text-align-left\">Cada contribuci\u00f3n marca una verdadera diferencia en nuestra comunidad. Ay\u00fadenos a seguir brindando atenci\u00f3n m\u00e9dica, dental y de salud mental a quienes la necesitan.<\/p>\n<\/div>\n<\/div>\n\n\n<p><!-- ================================================================\n     SECTION 3 \u2014 YOUR DONATION HELPS BY\n     ================================================================ --><\/p>\n\n\n<div class=\"gb-element-don_helps_wrap alignfull\">\n<div class=\"gb-element-don_helps_inner\">\n<h2 class=\"gb-text gb-text-75f9ea73\">Tu donaci\u00f3n ayuda a:<\/h2>\n\n\n\n<div class=\"wp-block-group is-vertical is-layout-flex wp-container-core-group-is-layout-d86f401b wp-block-group-is-layout-flex\" style=\"margin-top:30px\">\n<p class=\"has-odh-gray-color has-text-color\" style=\"font-size:0.95rem;line-height:1.75\"><span style=\"color:#578103;font-weight:700;font-size:1.2rem;margin-right:8px\">\u2713<\/span>Brindar atenci\u00f3n integral y preventiva para ni\u00f1os y adultos.<\/p>\n\n\n\n<p class=\"has-odh-gray-color has-text-color\" style=\"font-size:0.95rem;line-height:1.75\"><span style=\"color:#578103;font-weight:700;font-size:1.2rem;margin-right:8px\">\u2713<\/span>Contribuir a eliminar la desigualdad en la atenci\u00f3n m\u00e9dica en el sur de Minnesota.<\/p>\n\n\n\n<p class=\"has-odh-gray-color has-text-color\" style=\"font-size:0.95rem;line-height:1.75\"><span style=\"color:#7AB800;font-weight:700;font-size:1.2rem;margin-right:8px\"><span style=\"color:#578103;font-weight:700;font-size:1.2rem;margin-right:8px\">\u2713<\/span><\/span>Brindar atenci\u00f3n cultural y ling\u00fc\u00edsticamente apropiada para todas las personas.<\/p>\n\n\n\n<p class=\"has-odh-gray-color has-text-color\" style=\"font-size:0.95rem;line-height:1.75\"><span style=\"color:#7AB800;font-weight:700;font-size:1.2rem;margin-right:8px\"><span style=\"color:#578103;font-weight:700;font-size:1.2rem;margin-right:8px\">\u2713<\/span><\/span>Ofrecer alternativas a las costosas visitas a la sala de emergencias.<\/p>\n\n\n\n<p class=\"has-odh-gray-color has-text-color\" style=\"font-size:0.95rem;line-height:1.75\"><span style=\"color:#7AB800;font-weight:700;font-size:1.2rem;margin-right:8px\"><span style=\"color:#578103;font-weight:700;font-size:1.2rem;margin-right:8px\">\u2713<\/span><\/span>Educar a las personas y a las familias sobre la salud.<\/p>\n<\/div>\n<\/div>\n<\/div>\n\n\n\n<div class=\"gb-element-don_why_wrap alignwide\">\n<div class=\"gb-element-don_why_inner\">\n<h2 class=\"gb-text gb-text-don_why_h2\">\u00bfPor qu\u00e9 ahora?<\/h2>\n\n\n\n<p class=\"has-text-align-left has-odh-gray-color has-text-color\" style=\"margin-top:14px;font-size:0.95rem;line-height:1.75\">En la econom\u00eda actual, el n\u00famero de personas sin acceso a una atenci\u00f3n m\u00e9dica adecuada est\u00e1 aumentando. Muchos de nuestros pacientes son ciudadanos trabajadores que luchan por llegar a fin de mes. Muchos tienen empleos que no les proporcionan un seguro m\u00e9dico adecuado.<\/p>\n<\/div>\n<\/div>\n\n\n\n<div class=\"gb-element-don_gift_wrap alignfull\">\n<div>\n<div class=\"wp-block-odh-heartbeat-divider alignfull odh-heartbeat-block odh-heartbeat-green odh-hb-pos-right odh-hb-animate\" aria-hidden=\"true\"><div class=\"odh-hb-line\"><svg class=\"odh-hb-svg\" viewbox=\"0 0 120 60\" xmlns=\"http:\/\/www.w3.org\/2000\/svg\" focusable=\"false\"><polyline points=\"0,30 20,30 30,30 38,30 42,12 48,48 54,6 60,42 66,24 72,30 80,30 120,30\" fill=\"none\" stroke=\"currentColor\" stroke-width=\"3\" stroke-linejoin=\"round\" stroke-linecap=\"round\"><\/polyline><\/svg><\/div><\/div>\n\n\n\n<h2 class=\"gb-text gb-text-2569770d\">Un regalo para abrir puertas es un regalo para nuestra comunidad.<\/h2>\n<\/div>\n<\/div>\n\n\n\n<div class=\"gb-element-e1b381f3 alignfull\">\n<div class=\"gb-element-fdef8d19\">\n<div class=\"gb-element-9dbf97f5\">\n<div class=\"wp-block-buttons is-content-justification-center is-layout-flex wp-container-core-buttons-is-layout-a89b3969 wp-block-buttons-is-layout-flex\">\n<div class=\"wp-block-button is-style-odh-outline-lime\"><a class=\"wp-block-button__link has-medium-font-size has-custom-font-size wp-element-button\" href=\"https:\/\/www.paypal.com\/cgi-bin\/webscr?cmd=_s-xclick&amp;hosted_button_id=NALG79CKVUQ5W\" style=\"padding-top:15px;padding-right:25px;padding-bottom:15px;padding-left:25px\" target=\"_blank\" rel=\"noreferrer noopener\">Haz una donaci\u00f3n&nbsp;<\/a><\/div>\n<\/div>\n<\/div>\n\n\n\n<div class=\"gb-element-67195586\">\n<h2 class=\"gb-text gb-text-9b8c05f4\">\u00bfTienes preguntas sobre c\u00f3mo donar?<\/h2>\n\n\n\n<p class=\"has-text-align-center has-odh-gray-color has-text-color\" style=\"margin-top:24px;font-size:0.95rem;font-style:normal;font-weight:700;line-height:1.75\">Puede llamarnos al (507) 388-2120, enviarnos un correo electr\u00f3nico para obtener m\u00e1s informaci\u00f3n o enviar un cheque por correo a la direcci\u00f3n que aparece a continuaci\u00f3n. Tras recibir su donaci\u00f3n, le enviaremos una carta para sus registros.<br><br>Centro de Salud Open Door<br>309 Holly Lane<br>Mankato, MN 56001<\/p>\n<\/div>\n<\/div>\n\n\n\n<div class=\"gb-element-1536119b\"><\/div>\n<\/div>\n\n\n\n<p><\/p>","protected":false},"excerpt":{"rendered":"<p>Support Our Mission, Make a Difference Your donation helps us provide quality, affordable healthcare to families who need it most\u2014regardless of their ability to pay. Open Door Health Center is a 501(c)(3) non-profit organization. Your donation is tax deductible. We Greatly Appreciate Your Generosity Open Door has been providing medical, dental, and mental health services &#8230; <a title=\"Donar\" class=\"read-more\" href=\"https:\/\/odhc.org\/es\/donate\/\" aria-label=\"Read more about Donate\">Read more<\/a><\/p>","protected":false},"author":1,"featured_media":9273,"parent":0,"menu_order":0,"comment_status":"closed","ping_status":"closed","template":"","meta":{"_acf_changed":false,"_themeisle_gutenberg_block_has_review":false,"footnotes":""},"class_list":["post-155","page","type-page","status-publish","has-post-thumbnail"],"acf":[],"yoast_head":"<!-- This site is optimized with the Yoast SEO plugin v27.5 - https:\/\/yoast.com\/product\/yoast-seo-wordpress\/ -->\n<title>Donate - Open Door Health Center<\/title>\n<meta name=\"robots\" content=\"index, follow, max-snippet:-1, max-image-preview:large, max-video-preview:-1\" \/>\n<link rel=\"canonical\" href=\"https:\/\/odhc.org\/es\/donate\/\" \/>\n<meta property=\"og:locale\" content=\"es_MX\" \/>\n<meta property=\"og:type\" content=\"article\" \/>\n<meta property=\"og:title\" content=\"Donate - Open Door Health Center\" \/>\n<meta property=\"og:description\" content=\"Support Our Mission, Make a Difference Your donation helps us provide quality, affordable healthcare to families who need it most\u2014regardless of their ability to pay. Open Door Health Center is a 501(c)(3) non-profit organization. Your donation is tax deductible. We Greatly Appreciate Your Generosity Open Door has been providing medical, dental, and mental health services ... Read more\" \/>\n<meta property=\"og:url\" content=\"https:\/\/odhc.org\/es\/donate\/\" \/>\n<meta property=\"og:site_name\" content=\"Open Door Health Center\" \/>\n<meta property=\"article:modified_time\" content=\"2026-04-06T20:01:56+00:00\" \/>\n<meta property=\"og:image\" content=\"https:\/\/odhc.org\/wp-content\/uploads\/2026\/03\/donate.webp\" \/>\n\t<meta property=\"og:image:width\" content=\"1734\" \/>\n\t<meta property=\"og:image:height\" content=\"527\" \/>\n\t<meta property=\"og:image:type\" content=\"image\/webp\" \/>\n<meta name=\"twitter:card\" content=\"summary_large_image\" \/>\n<meta name=\"twitter:label1\" content=\"Est. reading time\" \/>\n\t<meta name=\"twitter:data1\" content=\"2 minutos\" \/>\n<script type=\"application\/ld+json\" class=\"yoast-schema-graph\">{\"@context\":\"https:\\\/\\\/schema.org\",\"@graph\":[{\"@type\":\"WebPage\",\"@id\":\"https:\\\/\\\/odhc.org\\\/donate\\\/\",\"url\":\"https:\\\/\\\/odhc.org\\\/donate\\\/\",\"name\":\"Donate - Open Door Health Center\",\"isPartOf\":{\"@id\":\"https:\\\/\\\/odhc.org\\\/#website\"},\"primaryImageOfPage\":{\"@id\":\"https:\\\/\\\/odhc.org\\\/donate\\\/#primaryimage\"},\"image\":{\"@id\":\"https:\\\/\\\/odhc.org\\\/donate\\\/#primaryimage\"},\"thumbnailUrl\":\"https:\\\/\\\/odhc.org\\\/wp-content\\\/uploads\\\/2026\\\/03\\\/donate.webp\",\"datePublished\":\"2026-02-17T18:52:33+00:00\",\"dateModified\":\"2026-04-06T20:01:56+00:00\",\"breadcrumb\":{\"@id\":\"https:\\\/\\\/odhc.org\\\/donate\\\/#breadcrumb\"},\"inLanguage\":\"es\",\"potentialAction\":[{\"@type\":\"ReadAction\",\"target\":[\"https:\\\/\\\/odhc.org\\\/donate\\\/\"]}]},{\"@type\":\"ImageObject\",\"inLanguage\":\"es\",\"@id\":\"https:\\\/\\\/odhc.org\\\/donate\\\/#primaryimage\",\"url\":\"https:\\\/\\\/odhc.org\\\/wp-content\\\/uploads\\\/2026\\\/03\\\/donate.webp\",\"contentUrl\":\"https:\\\/\\\/odhc.org\\\/wp-content\\\/uploads\\\/2026\\\/03\\\/donate.webp\",\"width\":1734,\"height\":527},{\"@type\":\"BreadcrumbList\",\"@id\":\"https:\\\/\\\/odhc.org\\\/donate\\\/#breadcrumb\",\"itemListElement\":[{\"@type\":\"ListItem\",\"position\":1,\"name\":\"Home\",\"item\":\"https:\\\/\\\/odhc.org\\\/\"},{\"@type\":\"ListItem\",\"position\":2,\"name\":\"Donate\"}]},{\"@type\":\"WebSite\",\"@id\":\"https:\\\/\\\/odhc.org\\\/#website\",\"url\":\"https:\\\/\\\/odhc.org\\\/\",\"name\":\"Open Door Health Center\",\"description\":\"\",\"publisher\":{\"@id\":\"https:\\\/\\\/odhc.org\\\/#organization\"},\"potentialAction\":[{\"@type\":\"SearchAction\",\"target\":{\"@type\":\"EntryPoint\",\"urlTemplate\":\"https:\\\/\\\/odhc.org\\\/?s={search_term_string}\"},\"query-input\":{\"@type\":\"PropertyValueSpecification\",\"valueRequired\":true,\"valueName\":\"search_term_string\"}}],\"inLanguage\":\"es\"},{\"@type\":\"Organization\",\"@id\":\"https:\\\/\\\/odhc.org\\\/#organization\",\"name\":\"Open Door Health Center\",\"url\":\"https:\\\/\\\/odhc.org\\\/\",\"logo\":{\"@type\":\"ImageObject\",\"inLanguage\":\"es\",\"@id\":\"https:\\\/\\\/odhc.org\\\/#\\\/schema\\\/logo\\\/image\\\/\",\"url\":\"https:\\\/\\\/odhc.org\\\/wp-content\\\/uploads\\\/2026\\\/02\\\/logo.png\",\"contentUrl\":\"https:\\\/\\\/odhc.org\\\/wp-content\\\/uploads\\\/2026\\\/02\\\/logo.png\",\"width\":410,\"height\":101,\"caption\":\"Open Door Health Center\"},\"image\":{\"@id\":\"https:\\\/\\\/odhc.org\\\/#\\\/schema\\\/logo\\\/image\\\/\"}}]}<\/script>\n<!-- \/ Yoast SEO plugin. -->","yoast_head_json":{"title":"Donate - Open Door Health Center","robots":{"index":"index","follow":"follow","max-snippet":"max-snippet:-1","max-image-preview":"max-image-preview:large","max-video-preview":"max-video-preview:-1"},"canonical":"https:\/\/odhc.org\/es\/donate\/","og_locale":"es_MX","og_type":"article","og_title":"Donate - Open Door Health Center","og_description":"Support Our Mission, Make a Difference Your donation helps us provide quality, affordable healthcare to families who need it most\u2014regardless of their ability to pay. Open Door Health Center is a 501(c)(3) non-profit organization. Your donation is tax deductible. We Greatly Appreciate Your Generosity Open Door has been providing medical, dental, and mental health services ... Read more","og_url":"https:\/\/odhc.org\/es\/donate\/","og_site_name":"Open Door Health Center","article_modified_time":"2026-04-06T20:01:56+00:00","og_image":[{"width":1734,"height":527,"url":"https:\/\/odhc.org\/wp-content\/uploads\/2026\/03\/donate.webp","type":"image\/webp"}],"twitter_card":"summary_large_image","twitter_misc":{"Est. reading time":"2 minutos"},"schema":{"@context":"https:\/\/schema.org","@graph":[{"@type":"WebPage","@id":"https:\/\/odhc.org\/donate\/","url":"https:\/\/odhc.org\/donate\/","name":"Donate - Open Door Health Center","isPartOf":{"@id":"https:\/\/odhc.org\/#website"},"primaryImageOfPage":{"@id":"https:\/\/odhc.org\/donate\/#primaryimage"},"image":{"@id":"https:\/\/odhc.org\/donate\/#primaryimage"},"thumbnailUrl":"https:\/\/odhc.org\/wp-content\/uploads\/2026\/03\/donate.webp","datePublished":"2026-02-17T18:52:33+00:00","dateModified":"2026-04-06T20:01:56+00:00","breadcrumb":{"@id":"https:\/\/odhc.org\/donate\/#breadcrumb"},"inLanguage":"es","potentialAction":[{"@type":"ReadAction","target":["https:\/\/odhc.org\/donate\/"]}]},{"@type":"ImageObject","inLanguage":"es","@id":"https:\/\/odhc.org\/donate\/#primaryimage","url":"https:\/\/odhc.org\/wp-content\/uploads\/2026\/03\/donate.webp","contentUrl":"https:\/\/odhc.org\/wp-content\/uploads\/2026\/03\/donate.webp","width":1734,"height":527},{"@type":"BreadcrumbList","@id":"https:\/\/odhc.org\/donate\/#breadcrumb","itemListElement":[{"@type":"ListItem","position":1,"name":"Home","item":"https:\/\/odhc.org\/"},{"@type":"ListItem","position":2,"name":"Donate"}]},{"@type":"WebSite","@id":"https:\/\/odhc.org\/#website","url":"https:\/\/odhc.org\/","name":"Centro de Salud Open Door","description":"","publisher":{"@id":"https:\/\/odhc.org\/#organization"},"potentialAction":[{"@type":"SearchAction","target":{"@type":"EntryPoint","urlTemplate":"https:\/\/odhc.org\/?s={search_term_string}"},"query-input":{"@type":"PropertyValueSpecification","valueRequired":true,"valueName":"search_term_string"}}],"inLanguage":"es"},{"@type":"Organization","@id":"https:\/\/odhc.org\/#organization","name":"Centro de Salud Open Door","url":"https:\/\/odhc.org\/","logo":{"@type":"ImageObject","inLanguage":"es","@id":"https:\/\/odhc.org\/#\/schema\/logo\/image\/","url":"https:\/\/odhc.org\/wp-content\/uploads\/2026\/02\/logo.png","contentUrl":"https:\/\/odhc.org\/wp-content\/uploads\/2026\/02\/logo.png","width":410,"height":101,"caption":"Open Door Health Center"},"image":{"@id":"https:\/\/odhc.org\/#\/schema\/logo\/image\/"}}]}},"featured_image_src":"https:\/\/odhc.org\/wp-content\/uploads\/2026\/03\/donate-600x400.webp","featured_image_src_square":"https:\/\/odhc.org\/wp-content\/uploads\/2026\/03\/donate-600x527.webp","_links":{"self":[{"href":"https:\/\/odhc.org\/es\/wp-json\/wp\/v2\/pages\/155","targetHints":{"allow":["GET"]}}],"collection":[{"href":"https:\/\/odhc.org\/es\/wp-json\/wp\/v2\/pages"}],"about":[{"href":"https:\/\/odhc.org\/es\/wp-json\/wp\/v2\/types\/page"}],"author":[{"embeddable":true,"href":"https:\/\/odhc.org\/es\/wp-json\/wp\/v2\/users\/1"}],"replies":[{"embeddable":true,"href":"https:\/\/odhc.org\/es\/wp-json\/wp\/v2\/comments?post=155"}],"version-history":[{"count":0,"href":"https:\/\/odhc.org\/es\/wp-json\/wp\/v2\/pages\/155\/revisions"}],"wp:featuredmedia":[{"embeddable":true,"href":"https:\/\/odhc.org\/es\/wp-json\/wp\/v2\/media\/9273"}],"wp:attachment":[{"href":"https:\/\/odhc.org\/es\/wp-json\/wp\/v2\/media?parent=155"}],"curies":[{"name":"wp","href":"https:\/\/api.w.org\/{rel}","templated":true}]}}