{"id":144,"date":"2026-02-17T17:32:35","date_gmt":"2026-02-17T17:32:35","guid":{"rendered":"https:\/\/opendoorhc.wpenginepowered.com\/?page_id=144"},"modified":"2026-03-19T20:11:13","modified_gmt":"2026-03-19T20:11:13","slug":"financial-assistance","status":"publish","type":"page","link":"https:\/\/odhc.org\/es\/financial-assistance\/","title":{"rendered":"Ayuda financiera"},"content":{"rendered":"<div class=\"gb-element-410367f6 alignfull\">\n<div class=\"gb-element-d848434a\">\n<div class=\"animated fadeIn\">\n<div class=\"gb-element-34008b51\">\n<h1 class=\"gb-text gb-text-2f140a20\">Atenci\u00f3n m\u00e9dica asequible para todos<\/h1>\n\n\n\n<p class=\"has-odh-gray-color has-text-color\" style=\"font-size:0.95rem;line-height:1.75\">No dejes que el costo te impida recibir la atenci\u00f3n que necesitas: ofrecemos descuentos seg\u00fan tus ingresos, planes de pago y ayuda para inscribirte en un seguro.<\/p>\n\n\n\n<p class=\"has-odh-gray-color has-text-color\" style=\"font-size:0.95rem;line-height:1.75\">Brindamos atenci\u00f3n m\u00e9dica independientemente de si el paciente cuenta con seguro. Ofrecemos descuentos seg\u00fan una escala m\u00f3vil para quienes cumplan con los requisitos. Estamos comprometidos a hacer que la atenci\u00f3n m\u00e9dica de calidad sea accesible y asequible para todas las familias de nuestra comunidad.<\/p>\n<\/div>\n\n\n\n<div class=\"wp-block-buttons is-content-justification-left is-layout-flex wp-container-core-buttons-is-layout-6dc48352 wp-block-buttons-is-layout-flex\" style=\"margin-top:20px\">\n<div class=\"wp-block-button is-style-odh-outline-teal has-mobile-width-100\"><a class=\"wp-block-button__link wp-element-button\" href=\"\/wp-content\/uploads\/2026\/03\/SFD-Program-Application-ENG.pdf\">Solicitud de admisi\u00f3n al programa<\/a><\/div>\n\n\n\n<div class=\"wp-block-button is-style-odh-subtle has-mobile-width-100\"><a class=\"wp-block-button__link wp-element-button\" href=\"\/wp-content\/uploads\/2026\/03\/SFD-Program-Application-SPAN.pdf\">Formulario de solicitud (Espa\u00f1ol)<\/a><\/div>\n\n\n\n<div class=\"wp-block-button is-style-odh-outline-lime has-mobile-width-100\"><a class=\"wp-block-button__link wp-element-button\" href=\"https:\/\/mychart.ochin.org\/ODHCmychart\/openscheduling\/standalone?id=758029,758007&amp;dept=758001001&amp;vt=28\" target=\"_blank\" rel=\"noreferrer noopener\">Programar una cita<\/a><\/div>\n<\/div>\n<\/div>\n<\/div>\n<\/div>\n\n\n\n<div class=\"wp-block-odh-heartbeat-divider alignfull odh-heartbeat-block odh-heartbeat-blue odh-hb-pos-left odh-hb-animate\" aria-hidden=\"true\"><div class=\"odh-hb-line\"><svg class=\"odh-hb-svg\" viewbox=\"0 0 120 60\" xmlns=\"http:\/\/www.w3.org\/2000\/svg\" focusable=\"false\"><polyline points=\"0,30 20,30 30,30 38,30 42,12 48,48 54,6 60,42 66,24 72,30 80,30 120,30\" fill=\"none\" stroke=\"currentColor\" stroke-width=\"3\" stroke-linejoin=\"round\" stroke-linecap=\"round\"><\/polyline><\/svg><\/div><\/div>\n\n\n\n<div class=\"gb-element-fin_slide_wrap alignfull\">\n<div class=\"gb-element-fin_slide_inner\">\n<div class=\"wp-block-columns are-vertically-aligned-center is-layout-flex wp-container-core-columns-is-layout-74aa2b33 wp-block-columns-is-layout-flex\">\n<div class=\"wp-block-column is-vertically-aligned-center is-layout-flow wp-block-column-is-layout-flow\" style=\"flex-basis:40%\">\n<img loading=\"lazy\" decoding=\"async\" width=\"146\" height=\"156\" class=\"gb-media-svc_slide_ico mobile-hide\" src=\"https:\/\/odhc.org\/wp-content\/uploads\/2026\/02\/slider-fee-program-d38cd9.svg\" alt=\"\" title=\"slider-fee-program-d38cd9\"\/>\n<\/div>\n\n\n\n<div class=\"wp-block-column is-vertically-aligned-center is-layout-flow wp-block-column-is-layout-flow\" style=\"flex-basis:60%\">\n<div class=\"wp-block-group is-nowrap is-layout-flex wp-container-core-group-is-layout-6c531013 wp-block-group-is-layout-flex\">\n<img loading=\"lazy\" decoding=\"async\" width=\"146\" height=\"156\" class=\"gb-media-3c07785b desktop-hide\" src=\"https:\/\/odhc.org\/wp-content\/uploads\/2026\/02\/slider-fee-program-d38cd9.svg\" alt=\"\" title=\"slider-fee-program-d38cd9\"\/>\n\n\n\n<h2 class=\"gb-text gb-text-eb49633f\">Programa de descuentos con tarifas variables<\/h2>\n<\/div>\n\n\n\n<ul style=\"font-size:0.9rem;line-height:1.8\" class=\"wp-block-list has-odh-gray-color has-text-color\">\n<li>Cinco niveles de descuento en funci\u00f3n de los ingresos y el tama\u00f1o del hogar<\/li>\n\n\n\n<li>Aplicable a todos los servicios<\/li>\n\n\n\n<li>Breve repaso con nuestro personal de Atenci\u00f3n al Paciente<\/li>\n\n\n\n<li>Un proceso solidario y respetuoso<\/li>\n<\/ul>\n\n\n\n<p class=\"has-odh-gray-color has-text-color\" style=\"font-size:0.95rem;font-style:normal;font-weight:700;line-height:1.75\"><em>Los niveles de descuento se determinan durante una revisi\u00f3n presencial.<\/em><\/p>\n<\/div>\n<\/div>\n<\/div>\n<\/div>\n\n\n\n<div class=\"gb-element-fin_apply_wrap alignfull\">\n<div>\n<div class=\"wp-block-odh-heartbeat-divider alignfull odh-heartbeat-block odh-heartbeat-green odh-hb-pos-right odh-hb-animate\" aria-hidden=\"true\"><div class=\"odh-hb-line\"><svg class=\"odh-hb-svg\" viewbox=\"0 0 120 60\" xmlns=\"http:\/\/www.w3.org\/2000\/svg\" focusable=\"false\"><polyline points=\"0,30 20,30 30,30 38,30 42,12 48,48 54,6 60,42 66,24 72,30 80,30 120,30\" fill=\"none\" stroke=\"currentColor\" stroke-width=\"3\" stroke-linejoin=\"round\" stroke-linecap=\"round\"><\/polyline><\/svg><\/div><\/div>\n\n\n\n<h2 class=\"gb-text gb-text-2569770d\">Lo que necesitar\u00e1s para presentar la solicitud<\/h2>\n<\/div>\n\n\n\n<div class=\"gb-element-fin_apply_inner\">\n<div class=\"wp-block-columns is-layout-flex wp-container-core-columns-is-layout-0fb61a4f wp-block-columns-is-layout-flex\" style=\"margin-top:40px\">\n<div class=\"wp-block-column is-layout-flow wp-block-column-is-layout-flow\">\n<div class=\"gb-element-fin_apply_1\">\n<img loading=\"lazy\" decoding=\"async\" width=\"109\" height=\"138\" class=\"gb-media-fin_apply_1_ico\" src=\"https:\/\/odhc.org\/wp-content\/uploads\/2026\/02\/red-document-icon-89fc2e.svg\" alt=\"\" title=\"icono-de-documento-rojo-89fc2e\"\/>\n\n\n\n<p class=\"gb-text gb-text-fin_apply_1_lbl\">Documentaci\u00f3n de ingresos<\/p>\n\n\n\n<p class=\"has-text-align-center has-odh-gray-color has-text-color\" style=\"font-size:0.85rem;line-height:1.5\">N\u00f3minas recientes, declaraci\u00f3n de impuestos o cartas de prestaciones<\/p>\n<\/div>\n<\/div>\n\n\n\n<div class=\"wp-block-column is-layout-flow wp-block-column-is-layout-flow\">\n<div class=\"gb-element-fin_apply_2\">\n<img loading=\"lazy\" decoding=\"async\" width=\"142\" height=\"143\" class=\"gb-media-fin_apply_2_ico\" src=\"https:\/\/odhc.org\/wp-content\/uploads\/2026\/02\/red-house-icon-e9d8a4.svg\" alt=\"\" title=\"icono-casa-roja-e9d8a4\"\/>\n\n\n\n<p class=\"gb-text gb-text-fin_apply_2_lbl\">Informaci\u00f3n sobre el hogar<\/p>\n\n\n\n<p class=\"has-text-align-center has-odh-gray-color has-text-color\" style=\"font-size:0.85rem;line-height:1.5\">Tama\u00f1o de la familia y situaci\u00f3n de vivienda actual<\/p>\n<\/div>\n<\/div>\n\n\n\n<div class=\"wp-block-column is-layout-flow wp-block-column-is-layout-flow\">\n<div class=\"gb-element-fin_apply_3\">\n<img loading=\"lazy\" decoding=\"async\" width=\"148\" height=\"148\" class=\"gb-media-fin_apply_3_ico\" src=\"https:\/\/odhc.org\/wp-content\/uploads\/2026\/02\/red-option-icon-bec629.svg\" alt=\"\" title=\"icono-opci\u00f3n-rojo-bec629\"\/>\n\n\n\n<p class=\"gb-text gb-text-fin_apply_3_lbl\">Opci\u00f3n de autodeclaraci\u00f3n<\/p>\n\n\n\n<p class=\"has-text-align-center has-odh-gray-color has-text-color\" style=\"font-size:0.85rem;line-height:1.5\">Descuento de 90 d\u00edas disponible sin necesidad de presentar documentaci\u00f3n<\/p>\n<\/div>\n<\/div>\n<\/div>\n\n\n\n<p class=\"has-text-align-center has-odh-gray-color has-text-color\" style=\"margin-top:30px;font-size:0.9rem;font-style:italic;font-weight:400;line-height:1.75\">Los pacientes nuevos que no puedan presentar la documentaci\u00f3n necesaria pueden declarar bajo su responsabilidad una sola vez para obtener un descuento v\u00e1lido por 90 d\u00edas. Los pacientes sin ingresos pueden declarar bajo su responsabilidad cada 90 d\u00edas.<\/p>\n<\/div>\n<\/div>\n\n\n\n<div class=\"gb-element-fin_ins_wrap alignfull\">\n<div class=\"gb-element-fin_ins_inner\">\n<h2 class=\"gb-text gb-text-228d5bf2\">Seguro<\/h2>\n\n\n\n<p class=\"has-odh-gray-color has-text-color\" style=\"margin-top:14px;font-size:0.95rem;line-height:1.75\">Aceptamos la mayor\u00eda de los planes de seguro privado, as\u00ed como Minnesota Care y Medical Assistance (MA). Si tienes un seguro de alguna de las compa\u00f1\u00edas que se indican a continuaci\u00f3n, es probable que tus servicios est\u00e9n cubiertos. Por favor, consulta con tu compa\u00f1\u00eda de seguros si somos un proveedor \u2018dentro de la red\u2019 de tu plan.<\/p>\n\n\n\n<div class=\"wp-block-columns is-layout-flex wp-container-core-columns-is-layout-c002a8cb wp-block-columns-is-layout-flex\" style=\"margin-top:24px\">\n<div class=\"wp-block-column is-layout-flow wp-block-column-is-layout-flow\">\n<ul style=\"font-size:0.9rem;line-height:1.8\" class=\"wp-block-list has-odh-gray-color has-text-color\">\n<li>Aetna<\/li>\n\n\n\n<li>Blue Cross Blue Shield de Minnesota<\/li>\n\n\n\n<li>Delta Dental<\/li>\n\n\n\n<li>Delta Dental Blue Plus<\/li>\n\n\n\n<li>Socios sanitarios<\/li>\n\n\n\n<li>Medica<\/li>\n\n\n\n<li>Medicare<\/li>\n<\/ul>\n<\/div>\n\n\n\n<div class=\"wp-block-column is-layout-flow wp-block-column-is-layout-flow\">\n<ul style=\"font-size:0.9rem;line-height:1.8\" class=\"wp-block-list has-odh-gray-color has-text-color\">\n<li>Medicaid<\/li>\n\n\n\n<li>Preferred One<\/li>\n\n\n\n<li>Prime West Health<\/li>\n\n\n\n<li>Director<\/li>\n\n\n\n<li>Alianza Sanitaria del Sur del Pa\u00eds<\/li>\n\n\n\n<li>United Health Care<\/li>\n<\/ul>\n<\/div>\n<\/div>\n<\/div>\n<\/div>\n\n\n\n<div class=\"gb-element-fin_pay_wrap alignfull\">\n<div class=\"gb-element-fin_pay_inner\">\n<h2 class=\"gb-text gb-text-00a67463\">Opciones de pago<\/h2>\n\n\n\n<div class=\"wp-block-columns is-layout-flex wp-container-core-columns-is-layout-0fb61a4f wp-block-columns-is-layout-flex\" style=\"margin-top:40px\">\n<div class=\"wp-block-column is-layout-flow wp-block-column-is-layout-flow\">\n<div class=\"gb-element-fin_pay_1\">\n<img loading=\"lazy\" decoding=\"async\" width=\"110\" height=\"110\" class=\"gb-media-fin_pay_1_ico\" src=\"https:\/\/odhc.org\/wp-content\/uploads\/2026\/02\/icon-blue-calander-6a9e52.svg\" alt=\"\" title=\"icono-calendario-azul-6a9e52\"\/>\n\n\n\n<p class=\"gb-text gb-text-fin_pay_1_lbl\">Planes de pago<\/p>\n\n\n\n<p class=\"has-text-align-center has-odh-gray-color has-text-color\" style=\"font-size:0.85rem;line-height:1.5\">Condiciones de pago mensuales flexibles<\/p>\n<\/div>\n<\/div>\n\n\n\n<div class=\"wp-block-column is-layout-flow wp-block-column-is-layout-flow\">\n<div class=\"gb-element-fin_pay_2\">\n<img loading=\"lazy\" decoding=\"async\" width=\"103\" height=\"104\" class=\"gb-media-fin_pay_2_ico\" src=\"https:\/\/odhc.org\/wp-content\/uploads\/2026\/02\/icon-online-payment-e32b8e.svg\" alt=\"\" title=\"icono-pago-en-l\u00ednea-e32b8e\"\/>\n\n\n\n<p class=\"gb-text gb-text-fin_pay_2_lbl\">Pagos en l\u00ednea<\/p>\n\n\n\n<p class=\"has-text-align-center has-odh-gray-color has-text-color\" style=\"font-size:0.85rem;line-height:1.5\">Pago seguro de facturas disponible las 24 horas del d\u00eda, los 7 d\u00edas de la semana<\/p>\n<\/div>\n<\/div>\n\n\n\n<div class=\"wp-block-column is-layout-flow wp-block-column-is-layout-flow\">\n<div class=\"gb-element-fin_pay_3\">\n<img loading=\"lazy\" decoding=\"async\" width=\"89\" height=\"109\" class=\"gb-media-fin_pay_3_ico\" src=\"https:\/\/odhc.org\/wp-content\/uploads\/2026\/02\/icon-clear-statement-2daa56.svg\" alt=\"\" title=\"icon-clear-statement-2daa56\"\/>\n\n\n\n<p class=\"gb-text gb-text-fin_pay_3_lbl\">Declaraciones claras<\/p>\n\n\n\n<p class=\"has-text-align-center has-odh-gray-color has-text-color\" style=\"font-size:0.85rem;line-height:1.5\">Facturas claras, sin sorpresas<\/p>\n<\/div>\n<\/div>\n<\/div>\n<\/div>\n<\/div>\n\n\n\n<div class=\"gb-element-fin_gfe_wrap alignfull\">\n<div class=\"gb-element-fin_gfe_inner\">\n<h2 class=\"gb-text gb-text-d39551c0\">Derecho a recibir un presupuesto de buena fe<\/h2>\n\n\n\n<p class=\"has-text-align-center has-odh-gray-color has-text-color\" style=\"margin-top:14px;font-size:0.95rem;line-height:1.75\">Seg\u00fan la ley, los proveedores de servicios de salud deben proporcionar a los pacientes que no tienen seguro o que no lo est\u00e1n utilizando un presupuesto de los gastos por los productos y servicios de salud antes de que se les presten dichos productos o servicios.<\/p>\n\n\n\n<div class=\"wp-block-buttons is-content-justification-center is-layout-flex wp-container-core-buttons-is-layout-c45d4ce1 wp-block-buttons-is-layout-flex\" style=\"margin-top:24px\">\n<div class=\"wp-block-button is-style-odh-outline-teal\"><a class=\"wp-block-button__link wp-element-button\" href=\"\/wp-content\/uploads\/2026\/03\/GFE-Spanish.pdf\" target=\"_blank\" rel=\"noreferrer noopener\">Lea el aviso completo sobre la estimaci\u00f3n de buena fe (ingl\u00e9s)<\/a><\/div>\n\n\n\n<div class=\"wp-block-button is-style-odh-outline-lime\"><a class=\"wp-block-button__link wp-element-button\" href=\"\/wp-content\/uploads\/2026\/03\/GFE-Spanish.docx\">Leer el aviso completo de buena fe (espa\u00f1ol)<\/a><\/div>\n<\/div>\n<\/div>\n<\/div>\n\n\n\n<div class=\"gb-element-fin_cta_wrap alignfull\">\n<div class=\"gb-element-fin_cta_inner\">\n<h2 class=\"gb-text gb-text-fin_cta_h2\">\u00bfTienes dudas sobre los costos?<\/h2>\n\n\n\n<p class=\"has-text-align-center has-white-color has-text-color has-link-color wp-elements-8a56a0a10670b576dc2e0e7f3255eb38\" style=\"font-size:0.95rem;line-height:1.75\">Nuestros representantes de atenci\u00f3n al paciente est\u00e1n a su disposici\u00f3n para ayudarle a conocer sus opciones. Las preocupaciones econ\u00f3micas nunca deber\u00edan impedirle recibir la atenci\u00f3n que necesita.<\/p>\n\n\n\n<div class=\"wp-block-buttons is-content-justification-center is-layout-flex wp-container-core-buttons-is-layout-c45d4ce1 wp-block-buttons-is-layout-flex\" style=\"margin-top:24px\">\n<div class=\"wp-block-button is-style-odh-outline-lime\"><a class=\"wp-block-button__link wp-element-button\" href=\"tel:5073882120\">Llame al (507) 388-2120<\/a><\/div>\n\n\n\n<div class=\"wp-block-button is-style-odh-outline-lime\"><a class=\"wp-block-button__link wp-element-button\" href=\"https:\/\/signnow.com\/s\/kvomtIse\" target=\"_blank\" rel=\"noreferrer noopener\">Solicitar ayuda econ\u00f3mica<\/a><\/div>\n\n\n\n<div class=\"wp-block-button is-style-odh-outline-lime\"><a class=\"wp-block-button__link wp-element-button\" href=\"https:\/\/securepayment.link\/odhc\/\" target=\"_blank\" rel=\"noreferrer noopener\">Pagar facturas en l\u00ednea<\/a><\/div>\n<\/div>\n<\/div>\n<\/div>\n\n\n\n<p><\/p>","protected":false},"excerpt":{"rendered":"<p>Affordable Care for Everyone Don&#8217;t let cost keep you from getting the care you need\u2014we offer sliding fee discounts, payment plans, and help with insurance enrollment. We provide care regardless of insurance status. Sliding fee discounts are available for those who qualify. We&#8217;re committed to making quality healthcare accessible and affordable for all families in &#8230; <a title=\"Ayuda financiera\" class=\"read-more\" href=\"https:\/\/odhc.org\/es\/financial-assistance\/\" aria-label=\"Read more about Financial Assistance\">Read more<\/a><\/p>","protected":false},"author":1,"featured_media":9270,"parent":0,"menu_order":0,"comment_status":"closed","ping_status":"closed","template":"","meta":{"_acf_changed":false,"_themeisle_gutenberg_block_has_review":false,"footnotes":""},"class_list":["post-144","page","type-page","status-publish","has-post-thumbnail"],"acf":[],"yoast_head":"<!-- This site is optimized with the Yoast SEO plugin v27.4 - https:\/\/yoast.com\/product\/yoast-seo-wordpress\/ -->\n<title>Financial Assistance - Open Door Health Center<\/title>\n<meta name=\"robots\" content=\"index, follow, max-snippet:-1, max-image-preview:large, max-video-preview:-1\" \/>\n<link rel=\"canonical\" href=\"https:\/\/odhc.org\/es\/financial-assistance\/\" \/>\n<meta property=\"og:locale\" content=\"es_MX\" \/>\n<meta property=\"og:type\" content=\"article\" \/>\n<meta property=\"og:title\" content=\"Financial Assistance - Open Door Health Center\" \/>\n<meta property=\"og:description\" content=\"Affordable Care for Everyone Don&#8217;t let cost keep you from getting the care you need\u2014we offer sliding fee discounts, payment plans, and help with insurance enrollment. We provide care regardless of insurance status. Sliding fee discounts are available for those who qualify. We&#8217;re committed to making quality healthcare accessible and affordable for all families in ... Read more\" \/>\n<meta property=\"og:url\" content=\"https:\/\/odhc.org\/es\/financial-assistance\/\" \/>\n<meta property=\"og:site_name\" content=\"Open Door Health Center\" \/>\n<meta property=\"article:modified_time\" content=\"2026-03-19T20:11:13+00:00\" \/>\n<meta property=\"og:image\" content=\"https:\/\/odhc.org\/wp-content\/uploads\/2026\/03\/fincancial-assistance.webp\" \/>\n\t<meta property=\"og:image:width\" content=\"1704\" \/>\n\t<meta property=\"og:image:height\" content=\"552\" \/>\n\t<meta property=\"og:image:type\" content=\"image\/webp\" \/>\n<meta name=\"twitter:card\" content=\"summary_large_image\" \/>\n<meta name=\"twitter:label1\" content=\"Est. reading time\" \/>\n\t<meta name=\"twitter:data1\" content=\"4 minutos\" \/>\n<script type=\"application\/ld+json\" class=\"yoast-schema-graph\">{\"@context\":\"https:\\\/\\\/schema.org\",\"@graph\":[{\"@type\":\"WebPage\",\"@id\":\"https:\\\/\\\/odhc.org\\\/financial-assistance\\\/\",\"url\":\"https:\\\/\\\/odhc.org\\\/financial-assistance\\\/\",\"name\":\"Financial Assistance - Open Door Health Center\",\"isPartOf\":{\"@id\":\"https:\\\/\\\/odhc.org\\\/#website\"},\"primaryImageOfPage\":{\"@id\":\"https:\\\/\\\/odhc.org\\\/financial-assistance\\\/#primaryimage\"},\"image\":{\"@id\":\"https:\\\/\\\/odhc.org\\\/financial-assistance\\\/#primaryimage\"},\"thumbnailUrl\":\"https:\\\/\\\/odhc.org\\\/wp-content\\\/uploads\\\/2026\\\/03\\\/fincancial-assistance.webp\",\"datePublished\":\"2026-02-17T17:32:35+00:00\",\"dateModified\":\"2026-03-19T20:11:13+00:00\",\"breadcrumb\":{\"@id\":\"https:\\\/\\\/odhc.org\\\/financial-assistance\\\/#breadcrumb\"},\"inLanguage\":\"es\",\"potentialAction\":[{\"@type\":\"ReadAction\",\"target\":[\"https:\\\/\\\/odhc.org\\\/financial-assistance\\\/\"]}]},{\"@type\":\"ImageObject\",\"inLanguage\":\"es\",\"@id\":\"https:\\\/\\\/odhc.org\\\/financial-assistance\\\/#primaryimage\",\"url\":\"https:\\\/\\\/odhc.org\\\/wp-content\\\/uploads\\\/2026\\\/03\\\/fincancial-assistance.webp\",\"contentUrl\":\"https:\\\/\\\/odhc.org\\\/wp-content\\\/uploads\\\/2026\\\/03\\\/fincancial-assistance.webp\",\"width\":1704,\"height\":552},{\"@type\":\"BreadcrumbList\",\"@id\":\"https:\\\/\\\/odhc.org\\\/financial-assistance\\\/#breadcrumb\",\"itemListElement\":[{\"@type\":\"ListItem\",\"position\":1,\"name\":\"Home\",\"item\":\"https:\\\/\\\/odhc.org\\\/\"},{\"@type\":\"ListItem\",\"position\":2,\"name\":\"Financial Assistance\"}]},{\"@type\":\"WebSite\",\"@id\":\"https:\\\/\\\/odhc.org\\\/#website\",\"url\":\"https:\\\/\\\/odhc.org\\\/\",\"name\":\"Open Door Health Center\",\"description\":\"\",\"publisher\":{\"@id\":\"https:\\\/\\\/odhc.org\\\/#organization\"},\"potentialAction\":[{\"@type\":\"SearchAction\",\"target\":{\"@type\":\"EntryPoint\",\"urlTemplate\":\"https:\\\/\\\/odhc.org\\\/?s={search_term_string}\"},\"query-input\":{\"@type\":\"PropertyValueSpecification\",\"valueRequired\":true,\"valueName\":\"search_term_string\"}}],\"inLanguage\":\"es\"},{\"@type\":\"Organization\",\"@id\":\"https:\\\/\\\/odhc.org\\\/#organization\",\"name\":\"Open Door Health Center\",\"url\":\"https:\\\/\\\/odhc.org\\\/\",\"logo\":{\"@type\":\"ImageObject\",\"inLanguage\":\"es\",\"@id\":\"https:\\\/\\\/odhc.org\\\/#\\\/schema\\\/logo\\\/image\\\/\",\"url\":\"https:\\\/\\\/odhc.org\\\/wp-content\\\/uploads\\\/2026\\\/02\\\/logo.png\",\"contentUrl\":\"https:\\\/\\\/odhc.org\\\/wp-content\\\/uploads\\\/2026\\\/02\\\/logo.png\",\"width\":410,\"height\":101,\"caption\":\"Open Door Health Center\"},\"image\":{\"@id\":\"https:\\\/\\\/odhc.org\\\/#\\\/schema\\\/logo\\\/image\\\/\"}}]}<\/script>\n<!-- \/ Yoast SEO plugin. -->","yoast_head_json":{"title":"Financial Assistance - Open Door Health Center","robots":{"index":"index","follow":"follow","max-snippet":"max-snippet:-1","max-image-preview":"max-image-preview:large","max-video-preview":"max-video-preview:-1"},"canonical":"https:\/\/odhc.org\/es\/financial-assistance\/","og_locale":"es_MX","og_type":"article","og_title":"Financial Assistance - Open Door Health Center","og_description":"Affordable Care for Everyone Don&#8217;t let cost keep you from getting the care you need\u2014we offer sliding fee discounts, payment plans, and help with insurance enrollment. We provide care regardless of insurance status. Sliding fee discounts are available for those who qualify. We&#8217;re committed to making quality healthcare accessible and affordable for all families in ... Read more","og_url":"https:\/\/odhc.org\/es\/financial-assistance\/","og_site_name":"Open Door Health Center","article_modified_time":"2026-03-19T20:11:13+00:00","og_image":[{"width":1704,"height":552,"url":"https:\/\/odhc.org\/wp-content\/uploads\/2026\/03\/fincancial-assistance.webp","type":"image\/webp"}],"twitter_card":"summary_large_image","twitter_misc":{"Est. reading time":"4 minutos"},"schema":{"@context":"https:\/\/schema.org","@graph":[{"@type":"WebPage","@id":"https:\/\/odhc.org\/financial-assistance\/","url":"https:\/\/odhc.org\/financial-assistance\/","name":"Financial Assistance - Open Door Health Center","isPartOf":{"@id":"https:\/\/odhc.org\/#website"},"primaryImageOfPage":{"@id":"https:\/\/odhc.org\/financial-assistance\/#primaryimage"},"image":{"@id":"https:\/\/odhc.org\/financial-assistance\/#primaryimage"},"thumbnailUrl":"https:\/\/odhc.org\/wp-content\/uploads\/2026\/03\/fincancial-assistance.webp","datePublished":"2026-02-17T17:32:35+00:00","dateModified":"2026-03-19T20:11:13+00:00","breadcrumb":{"@id":"https:\/\/odhc.org\/financial-assistance\/#breadcrumb"},"inLanguage":"es","potentialAction":[{"@type":"ReadAction","target":["https:\/\/odhc.org\/financial-assistance\/"]}]},{"@type":"ImageObject","inLanguage":"es","@id":"https:\/\/odhc.org\/financial-assistance\/#primaryimage","url":"https:\/\/odhc.org\/wp-content\/uploads\/2026\/03\/fincancial-assistance.webp","contentUrl":"https:\/\/odhc.org\/wp-content\/uploads\/2026\/03\/fincancial-assistance.webp","width":1704,"height":552},{"@type":"BreadcrumbList","@id":"https:\/\/odhc.org\/financial-assistance\/#breadcrumb","itemListElement":[{"@type":"ListItem","position":1,"name":"Home","item":"https:\/\/odhc.org\/"},{"@type":"ListItem","position":2,"name":"Financial Assistance"}]},{"@type":"WebSite","@id":"https:\/\/odhc.org\/#website","url":"https:\/\/odhc.org\/","name":"Centro de Salud Open Door","description":"","publisher":{"@id":"https:\/\/odhc.org\/#organization"},"potentialAction":[{"@type":"SearchAction","target":{"@type":"EntryPoint","urlTemplate":"https:\/\/odhc.org\/?s={search_term_string}"},"query-input":{"@type":"PropertyValueSpecification","valueRequired":true,"valueName":"search_term_string"}}],"inLanguage":"es"},{"@type":"Organization","@id":"https:\/\/odhc.org\/#organization","name":"Centro de Salud Open Door","url":"https:\/\/odhc.org\/","logo":{"@type":"ImageObject","inLanguage":"es","@id":"https:\/\/odhc.org\/#\/schema\/logo\/image\/","url":"https:\/\/odhc.org\/wp-content\/uploads\/2026\/02\/logo.png","contentUrl":"https:\/\/odhc.org\/wp-content\/uploads\/2026\/02\/logo.png","width":410,"height":101,"caption":"Open Door Health Center"},"image":{"@id":"https:\/\/odhc.org\/#\/schema\/logo\/image\/"}}]}},"featured_image_src":"https:\/\/odhc.org\/wp-content\/uploads\/2026\/03\/fincancial-assistance-600x400.webp","featured_image_src_square":"https:\/\/odhc.org\/wp-content\/uploads\/2026\/03\/fincancial-assistance-600x552.webp","_links":{"self":[{"href":"https:\/\/odhc.org\/es\/wp-json\/wp\/v2\/pages\/144","targetHints":{"allow":["GET"]}}],"collection":[{"href":"https:\/\/odhc.org\/es\/wp-json\/wp\/v2\/pages"}],"about":[{"href":"https:\/\/odhc.org\/es\/wp-json\/wp\/v2\/types\/page"}],"author":[{"embeddable":true,"href":"https:\/\/odhc.org\/es\/wp-json\/wp\/v2\/users\/1"}],"replies":[{"embeddable":true,"href":"https:\/\/odhc.org\/es\/wp-json\/wp\/v2\/comments?post=144"}],"version-history":[{"count":0,"href":"https:\/\/odhc.org\/es\/wp-json\/wp\/v2\/pages\/144\/revisions"}],"wp:featuredmedia":[{"embeddable":true,"href":"https:\/\/odhc.org\/es\/wp-json\/wp\/v2\/media\/9270"}],"wp:attachment":[{"href":"https:\/\/odhc.org\/es\/wp-json\/wp\/v2\/media?parent=144"}],"curies":[{"name":"wp","href":"https:\/\/api.w.org\/{rel}","templated":true}]}}