{"id":141,"date":"2026-02-17T17:31:37","date_gmt":"2026-02-17T17:31:37","guid":{"rendered":"https:\/\/opendoorhc.wpenginepowered.com\/?page_id=141"},"modified":"2026-03-19T22:20:06","modified_gmt":"2026-03-19T22:20:06","slug":"patient-portal","status":"publish","type":"page","link":"https:\/\/odhc.org\/es\/patient-portal\/","title":{"rendered":"Portal del paciente"},"content":{"rendered":"<div class=\"gb-element-mtm_hero_wrap alignfull odh-hero-section\">\n<div class=\"gb-element-mtm_hero_inner\">\n<div class=\"wp-block-columns ticss-4fc6be8f is-layout-flex wp-container-core-columns-is-layout-fac9bb7f wp-block-columns-is-layout-flex\" style=\"margin-top:0px;margin-bottom:0px\">\n<div class=\"wp-block-column is-vertically-aligned-center is-layout-flow wp-block-column-is-layout-flow\" style=\"flex-basis:100%\">\n<div class=\"animated fadeIn\">\n<div class=\"gb-element-mtm_hero_txt\">\n<img loading=\"lazy\" decoding=\"async\" width=\"612\" height=\"203\" class=\"gb-media-114c33a2\" alt=\"\" title=\"mychart\" src=\"https:\/\/odhc.org\/wp-content\/uploads\/2026\/02\/mychart.webp\" srcset=\"https:\/\/odhc.org\/wp-content\/uploads\/2026\/02\/mychart.webp 612w, https:\/\/odhc.org\/wp-content\/uploads\/2026\/02\/mychart-300x100.webp 300w\" sizes=\"auto, (max-width: 612px) 100vw, 612px\" \/>\n\n\n\n<h1 class=\"gb-text gb-text-f9296286\">Portal del paciente MyChart<\/h1>\n\n\n\n<p>Acceda a su historial m\u00e9dico personal en cualquier momento y lugar.<\/p>\n\n\n\n<p>MyChart es una herramienta en l\u00ednea que te brinda acceso las 24 horas del d\u00eda, los 7 d\u00edas de la semana, desde cualquier computadora, tableta o tel\u00e9fono inteligente. Toma un papel proactivo en la gesti\u00f3n de tu atenci\u00f3n m\u00e9dica.<\/p>\n<\/div>\n\n\n\n<div class=\"wp-block-buttons is-content-justification-left is-layout-flex wp-container-core-buttons-is-layout-6dc48352 wp-block-buttons-is-layout-flex\" style=\"margin-top:20px\">\n<div class=\"wp-block-button is-style-odh-outline-teal\"><a class=\"wp-block-button__link wp-element-button\" href=\"#\">Solicitar acceso<\/a><\/div>\n<\/div>\n<\/div>\n<\/div>\n<\/div>\n<\/div>\n<\/div>\n\n\n\n<div class=\"wp-block-odh-heartbeat-divider alignfull odh-heartbeat-block odh-heartbeat-blue odh-hb-pos-right odh-hb-animate\" aria-hidden=\"true\"><div class=\"odh-hb-line\"><svg class=\"odh-hb-svg\" viewbox=\"0 0 120 60\" xmlns=\"http:\/\/www.w3.org\/2000\/svg\" focusable=\"false\"><polyline points=\"0,30 20,30 30,30 38,30 42,12 48,48 54,6 60,42 66,24 72,30 80,30 120,30\" fill=\"none\" stroke=\"currentColor\" stroke-width=\"3\" stroke-linejoin=\"round\" stroke-linecap=\"round\"><\/polyline><\/svg><\/div><\/div>\n\n\n\n<div class=\"gb-element-ptl_what_wrap alignfull\">\n<div class=\"gb-element-ptl_what_inner\">\n<h2 class=\"gb-text\">\u00bfQu\u00e9 es MyChart?<\/h2>\n\n\n\n<p class=\"has-odh-gray-color has-text-color\" style=\"margin-top:14px;font-size:0.95rem;line-height:1.75\">MyChart es una herramienta en l\u00ednea que te permite acceder a tu historial m\u00e9dico personal en cualquier momento y lugar. Muchos proveedores de atenci\u00f3n m\u00e9dica la utilizan como su principal plataforma de comunicaci\u00f3n con los pacientes. Si bien tu plataforma puede tener un nombre diferente, la tecnolog\u00eda es la misma.<\/p>\n\n\n\n<p class=\"has-odh-gray-color has-text-color\" style=\"font-size:0.95rem;line-height:1.75\">Disponible las 24 horas del d\u00eda, los 7 d\u00edas de la semana, a trav\u00e9s de cualquier ordenador, tableta o tel\u00e9fono inteligente.<\/p>\n<\/div>\n<\/div>\n\n\n\n<div class=\"gb-element-ptl_can_wrap alignfull\">\n<div class=\"gb-element-ptl_can_inner\">\n<h2 class=\"gb-text\">Con MyChart puedes:<\/h2>\n\n\n\n<div class=\"gb-element-ptl_can_list\">\n<div class=\"wp-block-stackable-icon-list stk-block-icon-list has-text-color stk-block stk-a8d506f\" data-block-id=\"a8d506f\"><style>.stk-a8d506f {--stk-icon-list-row-gap:12px !important;--stk-icon-list-marker-color:#C4D600 !important;--stk-icon-list-icon-size:31px !important;}.stk-a8d506f .stk-block-icon-list-item__content{align-items:flex-start !important;}.stk-a8d506f ul li, .stk-a8d506f ol li, .stk-a8d506f ul li span, .stk-a8d506f ol li span{font-size:var(--stk--preset--font-size--xx-large, 2rem) !important;color:#007d95 !important;}@media screen and (max-width: 1023px){.stk-a8d506f ul li, .stk-a8d506f ol li, .stk-a8d506f ul li span, .stk-a8d506f ol li span{font-size:var(--stk--preset--font-size--xx-large, 2rem) !important;}}<\/style><svg style=\"display:none\"><defs><g id=\"stk-icon-list__icon-svg-def-a8d506f\"><svg xmlns=\"http:\/\/www.w3.org\/2000\/svg\" viewbox=\"0 0 448 512\"><path d=\"M438.6 105.4c12.5 12.5 12.5 32.8 0 45.3l-256 256c-12.5 12.5-32.8 12.5-45.3 0l-128-128c-12.5-12.5-12.5-32.8 0-45.3s32.8-12.5 45.3 0L160 338.7 393.4 105.4c12.5-12.5 32.8-12.5 45.3 0z\"\/><\/svg><\/g><\/defs><\/svg><ul class=\"stk-block-icon-list__ul stk-block-icon-list--column\">\n<li class=\"wp-block-stackable-icon-list-item stk-block-icon-list-item stk-block stk-2ff2992\" data-block-id=\"2ff2992\"><style>.stk-2ff2992 .stk-block-icon-list-item__text{font-size:18px !important;}@media screen and (max-width: 1023px){.stk-2ff2992 .stk-block-icon-list-item__text{font-size:18px !important;}}<\/style><div class=\"stk-block-icon-list-item__content\"><span class=\"stk--svg-wrapper\"><div class=\"stk--inner-svg\"><svg aria-hidden=\"true\" width=\"32\" height=\"32\"><use xlink:href=\"#stk-icon-list__icon-svg-def-a8d506f\"><\/use><\/svg><\/div><\/span><span class=\"stk-block-icon-list-item__text\"><strong>Revise su historial m\u00e9dico en l\u00ednea en un entorno seguro.<\/strong><\/span><\/div><\/li>\n\n\n\n<li class=\"wp-block-stackable-icon-list-item stk-block-icon-list-item stk-block stk-e7270f2\" data-block-id=\"e7270f2\"><style>.stk-e7270f2 .stk-block-icon-list-item__text{font-size:18px !important;}@media screen and (max-width: 1023px){.stk-e7270f2 .stk-block-icon-list-item__text{font-size:18px !important;}}<\/style><div class=\"stk-block-icon-list-item__content\"><span class=\"stk--svg-wrapper\"><div class=\"stk--inner-svg\"><svg aria-hidden=\"true\" width=\"32\" height=\"32\"><use xlink:href=\"#stk-icon-list__icon-svg-def-a8d506f\"><\/use><\/svg><\/div><\/span><span class=\"stk-block-icon-list-item__text\"><strong>Comun\u00edcate de forma privada con los proveedores mediante mensajer\u00eda segura.<\/strong><\/span><\/div><\/li>\n\n\n\n<li class=\"wp-block-stackable-icon-list-item stk-block-icon-list-item stk-block stk-110992c\" data-block-id=\"110992c\"><style>.stk-110992c .stk-block-icon-list-item__text{font-size:18px !important;}@media screen and (max-width: 1023px){.stk-110992c .stk-block-icon-list-item__text{font-size:18px !important;}}<\/style><div class=\"stk-block-icon-list-item__content\"><span class=\"stk--svg-wrapper\"><div class=\"stk--inner-svg\"><svg aria-hidden=\"true\" width=\"32\" height=\"32\"><use xlink:href=\"#stk-icon-list__icon-svg-def-a8d506f\"><\/use><\/svg><\/div><\/span><span class=\"stk-block-icon-list-item__text\"><strong>Ver resultados de pruebas y de laboratorio<\/strong><\/span><\/div><\/li>\n\n\n\n<li class=\"wp-block-stackable-icon-list-item stk-block-icon-list-item stk-block stk-8ccbb70\" data-block-id=\"8ccbb70\"><style>.stk-8ccbb70 .stk-block-icon-list-item__text{font-size:18px !important;}@media screen and (max-width: 1023px){.stk-8ccbb70 .stk-block-icon-list-item__text{font-size:18px !important;}}<\/style><div class=\"stk-block-icon-list-item__content\"><span class=\"stk--svg-wrapper\"><div class=\"stk--inner-svg\"><svg aria-hidden=\"true\" width=\"32\" height=\"32\"><use xlink:href=\"#stk-icon-list__icon-svg-def-a8d506f\"><\/use><\/svg><\/div><\/span><span class=\"stk-block-icon-list-item__text\"><strong>Lea las notas m\u00e9dicas de su m\u00e9dico.<\/strong><\/span><\/div><\/li>\n\n\n\n<li class=\"wp-block-stackable-icon-list-item stk-block-icon-list-item stk-block stk-6662b3b\" data-block-id=\"6662b3b\"><style>.stk-6662b3b .stk-block-icon-list-item__text{font-size:18px !important;}@media screen and (max-width: 1023px){.stk-6662b3b .stk-block-icon-list-item__text{font-size:18px !important;}}<\/style><div class=\"stk-block-icon-list-item__content\"><span class=\"stk--svg-wrapper\"><div class=\"stk--inner-svg\"><svg aria-hidden=\"true\" width=\"32\" height=\"32\"><use xlink:href=\"#stk-icon-list__icon-svg-def-a8d506f\"><\/use><\/svg><\/div><\/span><span class=\"stk-block-icon-list-item__text\"><strong>Actualiza tu informaci\u00f3n de salud (alergias, medicamentos, afecciones, etc.).<\/strong><\/span><\/div><\/li>\n<\/ul><\/div>\n<\/div>\n<\/div>\n<\/div>\n\n\n\n<div class=\"gb-element-ptl_cta_wrap alignfull\">\n<div class=\"gb-element-ptl_cta_inner\">\n<h2 class=\"gb-text gb-text-ptl_cta_h2\">Comience<\/h2>\n\n\n\n<p class=\"has-text-align-center has-white-color has-text-color has-link-color wp-elements-620b368f582379a64ba8fb79f488e133\" style=\"font-size:0.95rem;font-style:normal;font-weight:700;line-height:1.75\">\u00bfNecesitas ayuda o quieres solicitar acceso al portal? Utiliza los enlaces que aparecen a continuaci\u00f3n.<\/p>\n\n\n\n<div class=\"wp-block-buttons is-content-justification-center is-layout-flex wp-container-core-buttons-is-layout-422786c1 wp-block-buttons-is-layout-flex\" style=\"margin-top:20px;margin-bottom:20px\">\n<div class=\"wp-block-button is-style-odh-outline-lime\"><a class=\"wp-block-button__link wp-element-button\" href=\"https:\/\/mychart.ochin.org\/ODHCMYCHART\/\" target=\"_blank\" rel=\"noreferrer noopener\">INICIO DE SESI\u00d3N EN EL PORTAL<\/a><\/div>\n\n\n\n<div class=\"wp-block-button is-style-odh-outline-lime\"><a class=\"wp-block-button__link wp-element-button\" href=\"\/es\/contact\/#contact-form\">Solicitar acceso<\/a><\/div>\n<\/div>\n<\/div>\n<\/div>","protected":false},"excerpt":{"rendered":"<p>MyChart Patient Portal Access your personal health records anytime, anywhere. MyChart is an online tool that gives you 24\/7 access via any computer, tablet, or smartphone. Take a proactive role in managing your care. What is MyChart? MyChart is an online tool that gives you anywhere, anytime access to your personal health records. Many healthcare &#8230; <a title=\"Portal del paciente\" class=\"read-more\" href=\"https:\/\/odhc.org\/es\/patient-portal\/\" aria-label=\"Read more about Patient Portal\">Read more<\/a><\/p>","protected":false},"author":1,"featured_media":9217,"parent":0,"menu_order":0,"comment_status":"closed","ping_status":"closed","template":"","meta":{"_acf_changed":false,"_themeisle_gutenberg_block_has_review":false,"footnotes":""},"class_list":["post-141","page","type-page","status-publish","has-post-thumbnail"],"acf":[],"yoast_head":"<!-- This site is optimized with the Yoast SEO plugin v27.4 - https:\/\/yoast.com\/product\/yoast-seo-wordpress\/ -->\n<title>Patient Portal - Open Door Health Center<\/title>\n<meta name=\"robots\" content=\"index, follow, max-snippet:-1, max-image-preview:large, max-video-preview:-1\" \/>\n<link rel=\"canonical\" href=\"https:\/\/odhc.org\/es\/patient-portal\/\" \/>\n<meta property=\"og:locale\" content=\"es_MX\" \/>\n<meta property=\"og:type\" content=\"article\" \/>\n<meta property=\"og:title\" content=\"Patient Portal - Open Door Health Center\" \/>\n<meta property=\"og:description\" content=\"MyChart Patient Portal Access your personal health records anytime, anywhere. MyChart is an online tool that gives you 24\/7 access via any computer, tablet, or smartphone. Take a proactive role in managing your care. What is MyChart? MyChart is an online tool that gives you anywhere, anytime access to your personal health records. Many healthcare ... Read more\" \/>\n<meta property=\"og:url\" content=\"https:\/\/odhc.org\/es\/patient-portal\/\" \/>\n<meta property=\"og:site_name\" content=\"Open Door Health Center\" \/>\n<meta property=\"article:modified_time\" content=\"2026-03-19T22:20:06+00:00\" \/>\n<meta property=\"og:image\" content=\"https:\/\/odhc.org\/wp-content\/uploads\/2026\/02\/mychart.webp\" \/>\n\t<meta property=\"og:image:width\" content=\"612\" \/>\n\t<meta property=\"og:image:height\" content=\"203\" \/>\n\t<meta property=\"og:image:type\" content=\"image\/webp\" \/>\n<meta name=\"twitter:card\" content=\"summary_large_image\" \/>\n<meta name=\"twitter:label1\" content=\"Est. reading time\" \/>\n\t<meta name=\"twitter:data1\" content=\"2 minutos\" \/>\n<script type=\"application\/ld+json\" class=\"yoast-schema-graph\">{\"@context\":\"https:\\\/\\\/schema.org\",\"@graph\":[{\"@type\":\"WebPage\",\"@id\":\"https:\\\/\\\/odhc.org\\\/patient-portal\\\/\",\"url\":\"https:\\\/\\\/odhc.org\\\/patient-portal\\\/\",\"name\":\"Patient Portal - Open Door Health Center\",\"isPartOf\":{\"@id\":\"https:\\\/\\\/odhc.org\\\/#website\"},\"primaryImageOfPage\":{\"@id\":\"https:\\\/\\\/odhc.org\\\/patient-portal\\\/#primaryimage\"},\"image\":{\"@id\":\"https:\\\/\\\/odhc.org\\\/patient-portal\\\/#primaryimage\"},\"thumbnailUrl\":\"https:\\\/\\\/odhc.org\\\/wp-content\\\/uploads\\\/2026\\\/02\\\/mychart.webp\",\"datePublished\":\"2026-02-17T17:31:37+00:00\",\"dateModified\":\"2026-03-19T22:20:06+00:00\",\"breadcrumb\":{\"@id\":\"https:\\\/\\\/odhc.org\\\/patient-portal\\\/#breadcrumb\"},\"inLanguage\":\"es\",\"potentialAction\":[{\"@type\":\"ReadAction\",\"target\":[\"https:\\\/\\\/odhc.org\\\/patient-portal\\\/\"]}]},{\"@type\":\"ImageObject\",\"inLanguage\":\"es\",\"@id\":\"https:\\\/\\\/odhc.org\\\/patient-portal\\\/#primaryimage\",\"url\":\"https:\\\/\\\/odhc.org\\\/wp-content\\\/uploads\\\/2026\\\/02\\\/mychart.webp\",\"contentUrl\":\"https:\\\/\\\/odhc.org\\\/wp-content\\\/uploads\\\/2026\\\/02\\\/mychart.webp\",\"width\":612,\"height\":203},{\"@type\":\"BreadcrumbList\",\"@id\":\"https:\\\/\\\/odhc.org\\\/patient-portal\\\/#breadcrumb\",\"itemListElement\":[{\"@type\":\"ListItem\",\"position\":1,\"name\":\"Home\",\"item\":\"https:\\\/\\\/odhc.org\\\/\"},{\"@type\":\"ListItem\",\"position\":2,\"name\":\"Patient Portal\"}]},{\"@type\":\"WebSite\",\"@id\":\"https:\\\/\\\/odhc.org\\\/#website\",\"url\":\"https:\\\/\\\/odhc.org\\\/\",\"name\":\"Open Door Health Center\",\"description\":\"\",\"publisher\":{\"@id\":\"https:\\\/\\\/odhc.org\\\/#organization\"},\"potentialAction\":[{\"@type\":\"SearchAction\",\"target\":{\"@type\":\"EntryPoint\",\"urlTemplate\":\"https:\\\/\\\/odhc.org\\\/?s={search_term_string}\"},\"query-input\":{\"@type\":\"PropertyValueSpecification\",\"valueRequired\":true,\"valueName\":\"search_term_string\"}}],\"inLanguage\":\"es\"},{\"@type\":\"Organization\",\"@id\":\"https:\\\/\\\/odhc.org\\\/#organization\",\"name\":\"Open Door Health Center\",\"url\":\"https:\\\/\\\/odhc.org\\\/\",\"logo\":{\"@type\":\"ImageObject\",\"inLanguage\":\"es\",\"@id\":\"https:\\\/\\\/odhc.org\\\/#\\\/schema\\\/logo\\\/image\\\/\",\"url\":\"https:\\\/\\\/odhc.org\\\/wp-content\\\/uploads\\\/2026\\\/02\\\/logo.png\",\"contentUrl\":\"https:\\\/\\\/odhc.org\\\/wp-content\\\/uploads\\\/2026\\\/02\\\/logo.png\",\"width\":410,\"height\":101,\"caption\":\"Open Door Health Center\"},\"image\":{\"@id\":\"https:\\\/\\\/odhc.org\\\/#\\\/schema\\\/logo\\\/image\\\/\"}}]}<\/script>\n<!-- \/ Yoast SEO plugin. -->","yoast_head_json":{"title":"Patient Portal - Open Door Health Center","robots":{"index":"index","follow":"follow","max-snippet":"max-snippet:-1","max-image-preview":"max-image-preview:large","max-video-preview":"max-video-preview:-1"},"canonical":"https:\/\/odhc.org\/es\/patient-portal\/","og_locale":"es_MX","og_type":"article","og_title":"Patient Portal - Open Door Health Center","og_description":"MyChart Patient Portal Access your personal health records anytime, anywhere. MyChart is an online tool that gives you 24\/7 access via any computer, tablet, or smartphone. Take a proactive role in managing your care. What is MyChart? MyChart is an online tool that gives you anywhere, anytime access to your personal health records. Many healthcare ... Read more","og_url":"https:\/\/odhc.org\/es\/patient-portal\/","og_site_name":"Open Door Health Center","article_modified_time":"2026-03-19T22:20:06+00:00","og_image":[{"width":612,"height":203,"url":"https:\/\/odhc.org\/wp-content\/uploads\/2026\/02\/mychart.webp","type":"image\/webp"}],"twitter_card":"summary_large_image","twitter_misc":{"Est. reading time":"2 minutos"},"schema":{"@context":"https:\/\/schema.org","@graph":[{"@type":"WebPage","@id":"https:\/\/odhc.org\/patient-portal\/","url":"https:\/\/odhc.org\/patient-portal\/","name":"Patient Portal - Open Door Health Center","isPartOf":{"@id":"https:\/\/odhc.org\/#website"},"primaryImageOfPage":{"@id":"https:\/\/odhc.org\/patient-portal\/#primaryimage"},"image":{"@id":"https:\/\/odhc.org\/patient-portal\/#primaryimage"},"thumbnailUrl":"https:\/\/odhc.org\/wp-content\/uploads\/2026\/02\/mychart.webp","datePublished":"2026-02-17T17:31:37+00:00","dateModified":"2026-03-19T22:20:06+00:00","breadcrumb":{"@id":"https:\/\/odhc.org\/patient-portal\/#breadcrumb"},"inLanguage":"es","potentialAction":[{"@type":"ReadAction","target":["https:\/\/odhc.org\/patient-portal\/"]}]},{"@type":"ImageObject","inLanguage":"es","@id":"https:\/\/odhc.org\/patient-portal\/#primaryimage","url":"https:\/\/odhc.org\/wp-content\/uploads\/2026\/02\/mychart.webp","contentUrl":"https:\/\/odhc.org\/wp-content\/uploads\/2026\/02\/mychart.webp","width":612,"height":203},{"@type":"BreadcrumbList","@id":"https:\/\/odhc.org\/patient-portal\/#breadcrumb","itemListElement":[{"@type":"ListItem","position":1,"name":"Home","item":"https:\/\/odhc.org\/"},{"@type":"ListItem","position":2,"name":"Patient Portal"}]},{"@type":"WebSite","@id":"https:\/\/odhc.org\/#website","url":"https:\/\/odhc.org\/","name":"Centro de Salud Open Door","description":"","publisher":{"@id":"https:\/\/odhc.org\/#organization"},"potentialAction":[{"@type":"SearchAction","target":{"@type":"EntryPoint","urlTemplate":"https:\/\/odhc.org\/?s={search_term_string}"},"query-input":{"@type":"PropertyValueSpecification","valueRequired":true,"valueName":"search_term_string"}}],"inLanguage":"es"},{"@type":"Organization","@id":"https:\/\/odhc.org\/#organization","name":"Centro de Salud Open Door","url":"https:\/\/odhc.org\/","logo":{"@type":"ImageObject","inLanguage":"es","@id":"https:\/\/odhc.org\/#\/schema\/logo\/image\/","url":"https:\/\/odhc.org\/wp-content\/uploads\/2026\/02\/logo.png","contentUrl":"https:\/\/odhc.org\/wp-content\/uploads\/2026\/02\/logo.png","width":410,"height":101,"caption":"Open Door Health Center"},"image":{"@id":"https:\/\/odhc.org\/#\/schema\/logo\/image\/"}}]}},"featured_image_src":"https:\/\/odhc.org\/wp-content\/uploads\/2026\/02\/mychart-600x203.webp","featured_image_src_square":"https:\/\/odhc.org\/wp-content\/uploads\/2026\/02\/mychart-600x203.webp","_links":{"self":[{"href":"https:\/\/odhc.org\/es\/wp-json\/wp\/v2\/pages\/141","targetHints":{"allow":["GET"]}}],"collection":[{"href":"https:\/\/odhc.org\/es\/wp-json\/wp\/v2\/pages"}],"about":[{"href":"https:\/\/odhc.org\/es\/wp-json\/wp\/v2\/types\/page"}],"author":[{"embeddable":true,"href":"https:\/\/odhc.org\/es\/wp-json\/wp\/v2\/users\/1"}],"replies":[{"embeddable":true,"href":"https:\/\/odhc.org\/es\/wp-json\/wp\/v2\/comments?post=141"}],"version-history":[{"count":0,"href":"https:\/\/odhc.org\/es\/wp-json\/wp\/v2\/pages\/141\/revisions"}],"wp:featuredmedia":[{"embeddable":true,"href":"https:\/\/odhc.org\/es\/wp-json\/wp\/v2\/media\/9217"}],"wp:attachment":[{"href":"https:\/\/odhc.org\/es\/wp-json\/wp\/v2\/media?parent=141"}],"curies":[{"name":"wp","href":"https:\/\/api.w.org\/{rel}","templated":true}]}}