{"id":139,"date":"2026-02-17T17:30:51","date_gmt":"2026-02-17T17:30:51","guid":{"rendered":"https:\/\/opendoorhc.wpenginepowered.com\/?page_id=139"},"modified":"2026-03-19T22:23:38","modified_gmt":"2026-03-19T22:23:38","slug":"mankato","status":"publish","type":"page","link":"https:\/\/odhc.org\/es\/mankato\/","title":{"rendered":"Mankato"},"content":{"rendered":"<div class=\"gb-element-svc_hero_wrap alignfull odh-hero-section\">\n<div class=\"gb-element-svc_hero_inner\">\n<div class=\"wp-block-columns ticss-4fc6be8f mobile-swap is-layout-flex wp-container-core-columns-is-layout-89348574 wp-block-columns-is-layout-flex\" style=\"margin-top:0px;margin-bottom:0px\">\n<div class=\"wp-block-column is-vertically-aligned-center is-layout-flow wp-block-column-is-layout-flow\" style=\"flex-basis:50%\">\n<div class=\"gb-element-svc_hero_txt animated fadeIn\">\n<h1 class=\"gb-text gb-text-svc_hero_h1\">Su centro de salud integral en Mankato<\/h1>\n\n\n\n<p class=\"has-odh-gray-color has-text-color\" style=\"font-size:0.95rem;line-height:1.75\"><strong>Todas las necesidades de atenci\u00f3n m\u00e9dica de su familia en un solo lugar: atenci\u00f3n m\u00e9dica, dental, de salud mental y quiropr\u00e1ctica.<br><\/strong><br>\u00bfPara qu\u00e9 recorrer toda la ciudad? En nuestra cl\u00ednica de Mankato, puede consultar con su m\u00e9dico, dentista, terapeuta y quiropr\u00e1ctico, todo en el mismo edificio.<\/p>\n\n\n\n<div class=\"wp-block-buttons is-content-justification-left is-layout-flex wp-container-core-buttons-is-layout-0c1f655f wp-block-buttons-is-layout-flex\" style=\"margin-top:20px\">\n<div class=\"wp-block-button is-style-odh-outline-lime has-mobile-width-100\"><a class=\"wp-block-button__link wp-element-button\" href=\"tel:5073882120\">Llame para concertar una cita<\/a><\/div>\n\n\n\n<div class=\"wp-block-button is-style-odh-outline-teal has-mobile-width-100\"><a class=\"wp-block-button__link wp-element-button\" href=\"https:\/\/odhc.org\/es\/contact\/\">Cont\u00e1ctenos<\/a><\/div>\n<\/div>\n<\/div>\n<\/div>\n\n\n\n<div class=\"wp-block-column is-vertically-aligned-center is-layout-flow wp-block-column-is-layout-flow\">\n<div class=\"gb-element-svc_hero_img_wrap animated fadeIn delay-100ms\">\n<img loading=\"lazy\" decoding=\"async\" width=\"690\" height=\"422\" class=\"gb-media-svc_hero_img\" src=\"https:\/\/odhc.org\/wp-content\/uploads\/2026\/02\/mankato-image.webp\" alt=\"\" title=\"imagen de mankato\" srcset=\"https:\/\/odhc.org\/wp-content\/uploads\/2026\/02\/mankato-image.webp 690w, https:\/\/odhc.org\/wp-content\/uploads\/2026\/02\/mankato-image-300x183.webp 300w\" sizes=\"auto, (max-width: 690px) 100vw, 690px\" \/>\n<\/div>\n<\/div>\n<\/div>\n<\/div>\n<\/div>\n\n\n\n<div class=\"wp-block-odh-heartbeat-divider alignfull odh-heartbeat-block odh-heartbeat-blue odh-hb-pos-right odh-hb-animate\" aria-hidden=\"true\"><div class=\"odh-hb-line\"><svg class=\"odh-hb-svg\" viewbox=\"0 0 120 60\" xmlns=\"http:\/\/www.w3.org\/2000\/svg\" focusable=\"false\"><polyline points=\"0,30 20,30 30,30 38,30 42,12 48,48 54,6 60,42 66,24 72,30 80,30 120,30\" fill=\"none\" stroke=\"currentColor\" stroke-width=\"3\" stroke-linejoin=\"round\" stroke-linecap=\"round\"><\/polyline><\/svg><\/div><\/div>\n\n\n\n<div class=\"gb-element-mkt_loc_wrap alignfull\">\n<div class=\"gb-element-mkt_loc_inner\">\n<h2 class=\"gb-text gb-text-mkt_loc_h2\">Detalles de la ubicaci\u00f3n<\/h2>\n\n\n\n<div class=\"wp-block-columns are-vertically-aligned-center is-layout-flex wp-container-core-columns-is-layout-40650291 wp-block-columns-is-layout-flex\" style=\"margin-top:36px\">\n<div class=\"wp-block-column is-vertically-aligned-center is-layout-flow wp-block-column-is-layout-flow\" style=\"flex-basis:50%\">\n<div class=\"gb-element-mkt_loc_card\">\n<h3 class=\"gb-text gb-text-mkt_loc_card_h3\">Direcci\u00f3n y horario<\/h3>\n\n\n\n<div class=\"wp-block-group is-vertical is-layout-flex wp-container-core-group-is-layout-91b54b4f wp-block-group-is-layout-flex\">\n<p class=\"has-odh-gray-color has-text-color\" style=\"font-size:0.95rem;line-height:1.75\"><strong>\ud83d\udccd 309 Holly Lane, Mankato, MN 56001<\/strong><\/p>\n\n\n\n<a class=\"gb-text gb-text-54fb0ac5\" href=\"tel:5073882120\">\ud83d\udcde (507) 388 \u2013 2120<\/a>\n<\/div>\n\n\n\n<h4 class=\"gb-text gb-text-mkt_loc_hours_h4\">Horas<\/h4>\n\n\n\n<p class=\"has-odh-gray-color has-text-color\" style=\"font-size:0.9rem;line-height:1.85\"><strong>Lunes, martes, mi\u00e9rcoles y viernes: 8 a. m. a 5 p. m.<br>Jueves: 9:00 - 17:00<br>S\u00e1bados y domingos: Cerrado<\/strong><\/p>\n<\/div>\n<\/div>\n\n\n\n<div class=\"wp-block-column is-vertically-aligned-center is-layout-flow wp-block-column-is-layout-flow\" style=\"flex-basis:50%\">\n<div class=\"wp-block-stackable-map stk-block-map stk-block stk-9e1eeb4\" data-block-id=\"9e1eeb4\"><iframe\n\t\t\t\t\t\ttitle=\"Contenido incrustado de la plataforma de Google Maps.\"\n\t\t\t\t\t\tsrc=\"https:\/\/maps.google.com\/maps?q=309 Holly Lane Mankato MN&#038;t=&#038;z=15&#038;ie=UTF8&#038;output=embed\"\n\t\t\t\t\t\tstyle=\"border:0;width:100%;max-width:none;max-height:none;height:100%;\"\n\t\t\t\t\t\taria-hidden=\"false\"\n\t\t\t\t\t\ttabindex=\"0\"\n\t\t\t\t\t\tallowfullscreen\n\t\t\t\t\t\tloading=\"lazy\"\n\t\t\t\t\t\tframeborder=\"0\"\n\t\t\t\t\t><\/iframe><\/div>\n<\/div>\n<\/div>\n<\/div>\n<\/div>\n\n\n\n<div class=\"gb-element-0b45035b alignfull\">\n<div class=\"gb-element-764e2515\">\n<div class=\"wp-block-columns are-vertically-aligned-center is-layout-flex wp-container-core-columns-is-layout-92515837 wp-block-columns-is-layout-flex\">\n<div class=\"wp-block-column is-vertically-aligned-center is-layout-flow wp-block-column-is-layout-flow\">\n<div class=\"gb-element-56a81b43\">\n<img loading=\"lazy\" decoding=\"async\" width=\"109\" height=\"109\" class=\"gb-media-6bb405a8\" src=\"https:\/\/odhc.org\/wp-content\/uploads\/2026\/02\/green-disablity-icon-7aa4df.svg\" alt=\"\" title=\"icono-verde-discapacidad-7aa4df\"\/>\n\n\n\n<div class=\"wp-block-group is-vertical is-layout-flex wp-container-core-group-is-layout-30a70405 wp-block-group-is-layout-flex\">\n<p class=\"gb-text gb-text-eaae4ed7\">Aparcamiento<\/p>\n\n\n\n<p class=\"has-text-align-left has-odh-gray-color has-text-color\" style=\"font-size:0.9rem;line-height:1.6\">Aparcamiento gratuito disponible en el establecimiento.<\/p>\n<\/div>\n<\/div>\n<\/div>\n\n\n\n<div class=\"wp-block-column is-vertically-aligned-center is-layout-flow wp-block-column-is-layout-flow\">\n<div class=\"gb-element-2d71109a\">\n<img loading=\"lazy\" decoding=\"async\" width=\"109\" height=\"109\" class=\"gb-media-44fd2d1e\" src=\"https:\/\/odhc.org\/wp-content\/uploads\/2026\/02\/blue-accessablity-icon-374de9.svg\" alt=\"\" title=\"icono de accesibilidad azul-374de9\"\/>\n\n\n\n<div class=\"wp-block-group is-vertical is-layout-flex wp-container-core-group-is-layout-30a70405 wp-block-group-is-layout-flex\">\n<p class=\"gb-text gb-text-1c6b8edb\">Accesibilidad<\/p>\n\n\n\n<p class=\"has-text-align-left has-odh-gray-color has-text-color\" style=\"font-size:0.9rem;line-height:1.6\">Entrada e instalaciones accesibles para sillas de ruedas<\/p>\n<\/div>\n<\/div>\n<\/div>\n\n\n\n<div class=\"wp-block-column is-vertically-aligned-center is-layout-flow wp-block-column-is-layout-flow\">\n<div class=\"gb-element-92412abd\">\n<img loading=\"lazy\" decoding=\"async\" width=\"109\" height=\"109\" class=\"gb-media-bdf3f1e9\" src=\"https:\/\/odhc.org\/wp-content\/uploads\/2026\/02\/blue-launguage-icon-8b7d18.svg\" alt=\"\" title=\"icono de idioma azul-8b7d18\"\/>\n\n\n\n<div class=\"wp-block-group is-vertical is-layout-flex wp-container-core-group-is-layout-30a70405 wp-block-group-is-layout-flex\">\n<p class=\"gb-text gb-text-82cd63fc\">Servicios ling\u00fc\u00edsticos<\/p>\n\n\n\n<p class=\"has-text-align-left has-odh-gray-color has-text-color\" style=\"font-size:0.9rem;line-height:1.6\">Servicios de interpretaci\u00f3n gratuitos disponibles<\/p>\n<\/div>\n<\/div>\n<\/div>\n<\/div>\n<\/div>\n<\/div>\n\n\n\n<div class=\"gb-element-msn_vals_wrap alignfull\">\n<div class=\"gb-element-msn_vals_inner\">\n<div class=\"wp-block-group is-vertical is-content-justification-center is-layout-flex wp-container-core-group-is-layout-24ef00e0 wp-block-group-is-layout-flex\" style=\"padding-bottom:40px\">\n<h2 class=\"gb-text gb-text-634ff2dc\">Servicios disponibles<\/h2>\n<\/div>\n\n\n\n<div class=\"gb-element-msn_vals_grid\">\n<div class=\"gb-element-c92075db\">\n<div class=\"wp-block-group is-vertical is-content-justification-center is-layout-flex wp-container-core-group-is-layout-ee12e882 wp-block-group-is-layout-flex\">\n<img loading=\"lazy\" decoding=\"async\" width=\"107\" height=\"109\" class=\"gb-media-e862f93a\" src=\"https:\/\/odhc.org\/wp-content\/uploads\/2026\/02\/green-medical-icon-c86c31.svg\" alt=\"\" title=\"icono m\u00e9dico verde-c86c31\"\/>\n\n\n\n<div class=\"wp-block-group is-vertical is-content-justification-stretch is-layout-flex wp-container-core-group-is-layout-4d63a198 wp-block-group-is-layout-flex\">\n<h5 class=\"gb-text gb-text-c09e8428\">M\u00e9dico<\/h5>\n\n\n\n<p class=\"has-text-align-center\" style=\"font-size:15px\">Atenci\u00f3n primaria para todas las edades.<\/p>\n<\/div>\n<\/div>\n<\/div>\n\n\n\n<div class=\"gb-element-280f677c\">\n<div class=\"wp-block-group is-vertical is-content-justification-center is-layout-flex wp-container-core-group-is-layout-ee12e882 wp-block-group-is-layout-flex\">\n<img loading=\"lazy\" decoding=\"async\" width=\"94\" height=\"120\" class=\"gb-media-b012ec2c\" src=\"https:\/\/odhc.org\/wp-content\/uploads\/2026\/02\/green-detnal-icon-9dd107.svg\" alt=\"\" title=\"icono verde-detnal-9dd107\"\/>\n\n\n\n<div class=\"wp-block-group is-vertical is-content-justification-stretch is-layout-flex wp-container-core-group-is-layout-4d63a198 wp-block-group-is-layout-flex\">\n<h5 class=\"gb-text gb-text-fe0be417\">Odontolog\u00eda<\/h5>\n\n\n\n<p class=\"has-text-align-center\" style=\"font-size:15px\">Preventivo y restaurativo<\/p>\n<\/div>\n<\/div>\n<\/div>\n\n\n\n<div class=\"gb-element-738c8ca0\">\n<div class=\"wp-block-group is-vertical is-content-justification-center is-layout-flex wp-container-core-group-is-layout-0a9e916c wp-block-group-is-layout-flex\">\n<img loading=\"lazy\" decoding=\"async\" width=\"118\" height=\"142\" class=\"gb-media-4092ab2a\" src=\"https:\/\/odhc.org\/wp-content\/uploads\/2026\/02\/green-behavioral-icon-7413f0.svg\" alt=\"\" title=\"icono de comportamiento verde-7413f0\"\/>\n\n\n\n<div class=\"wp-block-group is-vertical is-content-justification-stretch is-layout-flex wp-container-core-group-is-layout-4d63a198 wp-block-group-is-layout-flex\">\n<h5 class=\"gb-text gb-text-d1f011f9\">Salud conductual<\/h5>\n\n\n\n<p class=\"has-text-align-center\" style=\"font-size:15px\">Asesoramiento confidencial<\/p>\n<\/div>\n<\/div>\n<\/div>\n\n\n\n<div class=\"gb-element-5d6e5821\">\n<div class=\"wp-block-group is-vertical is-content-justification-center is-layout-flex wp-container-core-group-is-layout-0a9e916c wp-block-group-is-layout-flex\">\n<img loading=\"lazy\" decoding=\"async\" width=\"130\" height=\"92\" class=\"gb-media-69c61041\" src=\"https:\/\/odhc.org\/wp-content\/uploads\/2026\/02\/green-chiropractic-icon-1667e8.svg\" alt=\"\" title=\"icono-quiropr\u00e1ctico-verde-1667e8\"\/>\n\n\n\n<div class=\"wp-block-group is-vertical is-content-justification-stretch is-layout-flex wp-container-core-group-is-layout-4d63a198 wp-block-group-is-layout-flex\">\n<h5 class=\"gb-text gb-text-2dfd86d0\">Quiropr\u00e1ctica<\/h5>\n\n\n\n<p class=\"has-text-align-center\" style=\"font-size:15px\">Alivio del dolor y bienestar<\/p>\n<\/div>\n<\/div>\n<\/div>\n\n\n\n<div class=\"gb-element-65da1003\">\n<div class=\"wp-block-group is-vertical is-content-justification-center is-nowrap is-layout-flex wp-container-core-group-is-layout-0946c1a5 wp-block-group-is-layout-flex\" style=\"min-height:100%\">\n<img loading=\"lazy\" decoding=\"async\" width=\"98\" height=\"137\" class=\"gb-media-bb741e53\" src=\"https:\/\/odhc.org\/wp-content\/uploads\/2026\/02\/green-insurance-icon-59d00e.svg\" alt=\"\" title=\"icono-seguro-verde-59d00e\"\/>\n\n\n\n<div class=\"wp-block-group is-vertical is-content-justification-stretch is-layout-flex wp-container-core-group-is-layout-4d63a198 wp-block-group-is-layout-flex\">\n<h5 class=\"gb-text gb-text-eb8cd372\">Ayuda con los seguros<\/h5>\n\n\n\n<p class=\"has-text-align-center\" style=\"font-size:15px\">Asistencia gratuita para la inscripci\u00f3n<\/p>\n<\/div>\n<\/div>\n<\/div>\n<\/div>\n\n\n\n<div class=\"wp-block-buttons is-content-justification-center is-layout-flex wp-container-core-buttons-is-layout-444da731 wp-block-buttons-is-layout-flex\" style=\"margin-top:30px\">\n<div class=\"wp-block-button is-style-odh-outline-teal\"><a class=\"wp-block-button__link wp-element-button\" href=\"https:\/\/odhc.org\/es\/services\/\">M\u00e1s informaci\u00f3n sobre nuestros servicios<\/a><\/div>\n<\/div>\n<\/div>\n<\/div>\n\n\n\n<div class=\"gb-element-fd65efc5 alignfull\">\n<div class=\"gb-element-b62952e6\"><\/div>\n\n\n\n<div class=\"gb-element-odh_cta_wrap alignfull\">\n<div class=\"gb-element-odh_cta_inner\">\n<h2 class=\"gb-text gb-text-odh_cta_h2\">Solicite una cita<\/h2>\n\n\n\n<div class=\"gb-element-a37f35c7\">\n<div class=\"wp-block-group is-vertical is-content-justification-center is-layout-flex wp-container-core-group-is-layout-0a9e916c wp-block-group-is-layout-flex\">\n<div class=\"gb-element-odh_cta_text\">\n<p class=\"gb-text gb-text-45ac6393\"><strong>Ll\u00e1menos hoy para programar una cita: (507) 388-2120<\/strong><\/p>\n<\/div>\n\n\n\n<div class=\"gb-element-d7818e88\">\n<div class=\"wp-block-buttons is-content-justification-center is-layout-flex wp-container-core-buttons-is-layout-a89b3969 wp-block-buttons-is-layout-flex\">\n<div class=\"wp-block-button\"><a class=\"wp-block-button__link has-odh-blue-color has-odh-white-background-color has-text-color has-background has-custom-font-size wp-element-button\" href=\"tel:5073882120\" style=\"border-radius:30px;padding-top:13px;padding-right:30px;padding-bottom:13px;padding-left:30px;font-size:13px;font-style:normal;font-weight:700;letter-spacing:1px;text-transform:uppercase\">Llame ahora<\/a><\/div>\n<\/div>\n<\/div>\n<\/div>\n<\/div>\n<\/div>\n<\/div>\n<\/div>","protected":false},"excerpt":{"rendered":"<p>Your Full-Service Health Center in Mankato All your family&#8217;s healthcare needs in one convenient location\u2014medical, dental, behavioral health, and chiropractic care.Why drive all over town? At our Mankato location, you can see your doctor, dentist, therapist, and chiropractor all in the same building. Location Details Address &amp; Hours \ud83d\udccd 309 Holly Lane, Mankato MN 56001 &#8230; <a title=\"Mankato\" class=\"read-more\" href=\"https:\/\/odhc.org\/es\/mankato\/\" aria-label=\"Read more about Mankato\">Read more<\/a><\/p>","protected":false},"author":1,"featured_media":214,"parent":0,"menu_order":0,"comment_status":"closed","ping_status":"closed","template":"","meta":{"_acf_changed":false,"_themeisle_gutenberg_block_has_review":false,"footnotes":""},"class_list":["post-139","page","type-page","status-publish","has-post-thumbnail"],"acf":[],"yoast_head":"<!-- This site is optimized with the Yoast SEO plugin v27.5 - https:\/\/yoast.com\/product\/yoast-seo-wordpress\/ -->\n<title>Mankato - Open Door Health Center<\/title>\n<meta name=\"robots\" content=\"index, follow, max-snippet:-1, max-image-preview:large, max-video-preview:-1\" \/>\n<link rel=\"canonical\" href=\"https:\/\/odhc.org\/es\/mankato\/\" \/>\n<meta property=\"og:locale\" content=\"es_MX\" \/>\n<meta property=\"og:type\" content=\"article\" \/>\n<meta property=\"og:title\" content=\"Mankato - Open Door Health Center\" \/>\n<meta property=\"og:description\" content=\"Your Full-Service Health Center in Mankato All your family&#8217;s healthcare needs in one convenient location\u2014medical, dental, behavioral health, and chiropractic care.Why drive all over town? At our Mankato location, you can see your doctor, dentist, therapist, and chiropractor all in the same building. Location Details Address &amp; Hours \ud83d\udccd 309 Holly Lane, Mankato MN 56001 ... Read more\" \/>\n<meta property=\"og:url\" content=\"https:\/\/odhc.org\/es\/mankato\/\" \/>\n<meta property=\"og:site_name\" content=\"Open Door Health Center\" \/>\n<meta property=\"article:modified_time\" content=\"2026-03-19T22:23:38+00:00\" \/>\n<meta property=\"og:image\" content=\"https:\/\/odhc.org\/wp-content\/uploads\/2026\/02\/mankato-image.webp\" \/>\n\t<meta property=\"og:image:width\" content=\"690\" \/>\n\t<meta property=\"og:image:height\" content=\"422\" \/>\n\t<meta property=\"og:image:type\" content=\"image\/webp\" \/>\n<meta name=\"twitter:card\" content=\"summary_large_image\" \/>\n<meta name=\"twitter:label1\" content=\"Est. reading time\" \/>\n\t<meta name=\"twitter:data1\" content=\"3 minutos\" \/>\n<script type=\"application\/ld+json\" class=\"yoast-schema-graph\">{\"@context\":\"https:\\\/\\\/schema.org\",\"@graph\":[{\"@type\":\"WebPage\",\"@id\":\"https:\\\/\\\/odhc.org\\\/mankato\\\/\",\"url\":\"https:\\\/\\\/odhc.org\\\/mankato\\\/\",\"name\":\"Mankato - Open Door Health Center\",\"isPartOf\":{\"@id\":\"https:\\\/\\\/odhc.org\\\/#website\"},\"primaryImageOfPage\":{\"@id\":\"https:\\\/\\\/odhc.org\\\/mankato\\\/#primaryimage\"},\"image\":{\"@id\":\"https:\\\/\\\/odhc.org\\\/mankato\\\/#primaryimage\"},\"thumbnailUrl\":\"https:\\\/\\\/odhc.org\\\/wp-content\\\/uploads\\\/2026\\\/02\\\/mankato-image.webp\",\"datePublished\":\"2026-02-17T17:30:51+00:00\",\"dateModified\":\"2026-03-19T22:23:38+00:00\",\"breadcrumb\":{\"@id\":\"https:\\\/\\\/odhc.org\\\/mankato\\\/#breadcrumb\"},\"inLanguage\":\"es\",\"potentialAction\":[{\"@type\":\"ReadAction\",\"target\":[\"https:\\\/\\\/odhc.org\\\/mankato\\\/\"]}]},{\"@type\":\"ImageObject\",\"inLanguage\":\"es\",\"@id\":\"https:\\\/\\\/odhc.org\\\/mankato\\\/#primaryimage\",\"url\":\"https:\\\/\\\/odhc.org\\\/wp-content\\\/uploads\\\/2026\\\/02\\\/mankato-image.webp\",\"contentUrl\":\"https:\\\/\\\/odhc.org\\\/wp-content\\\/uploads\\\/2026\\\/02\\\/mankato-image.webp\",\"width\":690,\"height\":422},{\"@type\":\"BreadcrumbList\",\"@id\":\"https:\\\/\\\/odhc.org\\\/mankato\\\/#breadcrumb\",\"itemListElement\":[{\"@type\":\"ListItem\",\"position\":1,\"name\":\"Home\",\"item\":\"https:\\\/\\\/odhc.org\\\/\"},{\"@type\":\"ListItem\",\"position\":2,\"name\":\"Mankato\"}]},{\"@type\":\"WebSite\",\"@id\":\"https:\\\/\\\/odhc.org\\\/#website\",\"url\":\"https:\\\/\\\/odhc.org\\\/\",\"name\":\"Open Door Health Center\",\"description\":\"\",\"publisher\":{\"@id\":\"https:\\\/\\\/odhc.org\\\/#organization\"},\"potentialAction\":[{\"@type\":\"SearchAction\",\"target\":{\"@type\":\"EntryPoint\",\"urlTemplate\":\"https:\\\/\\\/odhc.org\\\/?s={search_term_string}\"},\"query-input\":{\"@type\":\"PropertyValueSpecification\",\"valueRequired\":true,\"valueName\":\"search_term_string\"}}],\"inLanguage\":\"es\"},{\"@type\":\"Organization\",\"@id\":\"https:\\\/\\\/odhc.org\\\/#organization\",\"name\":\"Open Door Health Center\",\"url\":\"https:\\\/\\\/odhc.org\\\/\",\"logo\":{\"@type\":\"ImageObject\",\"inLanguage\":\"es\",\"@id\":\"https:\\\/\\\/odhc.org\\\/#\\\/schema\\\/logo\\\/image\\\/\",\"url\":\"https:\\\/\\\/odhc.org\\\/wp-content\\\/uploads\\\/2026\\\/02\\\/logo.png\",\"contentUrl\":\"https:\\\/\\\/odhc.org\\\/wp-content\\\/uploads\\\/2026\\\/02\\\/logo.png\",\"width\":410,\"height\":101,\"caption\":\"Open Door Health Center\"},\"image\":{\"@id\":\"https:\\\/\\\/odhc.org\\\/#\\\/schema\\\/logo\\\/image\\\/\"}}]}<\/script>\n<!-- \/ Yoast SEO plugin. -->","yoast_head_json":{"title":"Mankato - Open Door Health Center","robots":{"index":"index","follow":"follow","max-snippet":"max-snippet:-1","max-image-preview":"max-image-preview:large","max-video-preview":"max-video-preview:-1"},"canonical":"https:\/\/odhc.org\/es\/mankato\/","og_locale":"es_MX","og_type":"article","og_title":"Mankato - Open Door Health Center","og_description":"Your Full-Service Health Center in Mankato All your family&#8217;s healthcare needs in one convenient location\u2014medical, dental, behavioral health, and chiropractic care.Why drive all over town? At our Mankato location, you can see your doctor, dentist, therapist, and chiropractor all in the same building. Location Details Address &amp; Hours \ud83d\udccd 309 Holly Lane, Mankato MN 56001 ... Read more","og_url":"https:\/\/odhc.org\/es\/mankato\/","og_site_name":"Open Door Health Center","article_modified_time":"2026-03-19T22:23:38+00:00","og_image":[{"width":690,"height":422,"url":"https:\/\/odhc.org\/wp-content\/uploads\/2026\/02\/mankato-image.webp","type":"image\/webp"}],"twitter_card":"summary_large_image","twitter_misc":{"Est. reading time":"3 minutos"},"schema":{"@context":"https:\/\/schema.org","@graph":[{"@type":"WebPage","@id":"https:\/\/odhc.org\/mankato\/","url":"https:\/\/odhc.org\/mankato\/","name":"Mankato - Open Door Health Center","isPartOf":{"@id":"https:\/\/odhc.org\/#website"},"primaryImageOfPage":{"@id":"https:\/\/odhc.org\/mankato\/#primaryimage"},"image":{"@id":"https:\/\/odhc.org\/mankato\/#primaryimage"},"thumbnailUrl":"https:\/\/odhc.org\/wp-content\/uploads\/2026\/02\/mankato-image.webp","datePublished":"2026-02-17T17:30:51+00:00","dateModified":"2026-03-19T22:23:38+00:00","breadcrumb":{"@id":"https:\/\/odhc.org\/mankato\/#breadcrumb"},"inLanguage":"es","potentialAction":[{"@type":"ReadAction","target":["https:\/\/odhc.org\/mankato\/"]}]},{"@type":"ImageObject","inLanguage":"es","@id":"https:\/\/odhc.org\/mankato\/#primaryimage","url":"https:\/\/odhc.org\/wp-content\/uploads\/2026\/02\/mankato-image.webp","contentUrl":"https:\/\/odhc.org\/wp-content\/uploads\/2026\/02\/mankato-image.webp","width":690,"height":422},{"@type":"BreadcrumbList","@id":"https:\/\/odhc.org\/mankato\/#breadcrumb","itemListElement":[{"@type":"ListItem","position":1,"name":"Home","item":"https:\/\/odhc.org\/"},{"@type":"ListItem","position":2,"name":"Mankato"}]},{"@type":"WebSite","@id":"https:\/\/odhc.org\/#website","url":"https:\/\/odhc.org\/","name":"Centro de Salud Open Door","description":"","publisher":{"@id":"https:\/\/odhc.org\/#organization"},"potentialAction":[{"@type":"SearchAction","target":{"@type":"EntryPoint","urlTemplate":"https:\/\/odhc.org\/?s={search_term_string}"},"query-input":{"@type":"PropertyValueSpecification","valueRequired":true,"valueName":"search_term_string"}}],"inLanguage":"es"},{"@type":"Organization","@id":"https:\/\/odhc.org\/#organization","name":"Centro de Salud Open Door","url":"https:\/\/odhc.org\/","logo":{"@type":"ImageObject","inLanguage":"es","@id":"https:\/\/odhc.org\/#\/schema\/logo\/image\/","url":"https:\/\/odhc.org\/wp-content\/uploads\/2026\/02\/logo.png","contentUrl":"https:\/\/odhc.org\/wp-content\/uploads\/2026\/02\/logo.png","width":410,"height":101,"caption":"Open Door Health Center"},"image":{"@id":"https:\/\/odhc.org\/#\/schema\/logo\/image\/"}}]}},"featured_image_src":"https:\/\/odhc.org\/wp-content\/uploads\/2026\/02\/mankato-image-600x400.webp","featured_image_src_square":"https:\/\/odhc.org\/wp-content\/uploads\/2026\/02\/mankato-image-600x422.webp","_links":{"self":[{"href":"https:\/\/odhc.org\/es\/wp-json\/wp\/v2\/pages\/139","targetHints":{"allow":["GET"]}}],"collection":[{"href":"https:\/\/odhc.org\/es\/wp-json\/wp\/v2\/pages"}],"about":[{"href":"https:\/\/odhc.org\/es\/wp-json\/wp\/v2\/types\/page"}],"author":[{"embeddable":true,"href":"https:\/\/odhc.org\/es\/wp-json\/wp\/v2\/users\/1"}],"replies":[{"embeddable":true,"href":"https:\/\/odhc.org\/es\/wp-json\/wp\/v2\/comments?post=139"}],"version-history":[{"count":0,"href":"https:\/\/odhc.org\/es\/wp-json\/wp\/v2\/pages\/139\/revisions"}],"wp:featuredmedia":[{"embeddable":true,"href":"https:\/\/odhc.org\/es\/wp-json\/wp\/v2\/media\/214"}],"wp:attachment":[{"href":"https:\/\/odhc.org\/es\/wp-json\/wp\/v2\/media?parent=139"}],"curies":[{"name":"wp","href":"https:\/\/api.w.org\/{rel}","templated":true}]}}